{"id":1113,"date":"2024-03-19T20:19:17","date_gmt":"2024-03-19T18:19:17","guid":{"rendered":"https:\/\/great-shtern.46-30-124-30.plesk.page\/?page_id=1113"},"modified":"2026-05-05T15:52:22","modified_gmt":"2026-05-05T13:52:22","slug":"om-foreningen","status":"publish","type":"page","link":"https:\/\/great-shtern.46-30-124-30.plesk.page\/?page_id=1113","title":{"rendered":"Om os"},"content":{"rendered":"<p data-start=\"0\" data-end=\"117\">Hos TIK Gymnastik er vi et aktivt f\u00e6llesskab for b\u00f8rn, unge og voksne, der vil bev\u00e6ge sig og have det godt i kroppen.<\/p>\n<p data-start=\"119\" data-end=\"308\">Vi tilbyder gymnastik og tr\u00e6ning p\u00e5 hold i trygge rammer, hvor der er plads til b\u00e5de begyndere og \u00f8vede. Du finder alt fra b\u00f8rnegymnastik og spring til yoga, reformer og funktionel tr\u00e6ning.<\/p>\n<p data-start=\"310\" data-end=\"467\">Vi tror p\u00e5, at gl\u00e6den ved bev\u00e6gelse starter med gode oplevelser. Derfor m\u00f8der vi dig i \u00f8jenh\u00f8jde og skaber hold, hvor du f\u00f8ler dig velkommen fra f\u00f8rste gang.<\/p>\n<p data-start=\"469\" data-end=\"630\">Vores frivillige instrukt\u00f8rer br\u00e6nder for det, de laver, og guider dig sikkert gennem tr\u00e6ningen \u2013 uanset om du vil udvikle dig, holde dig i gang eller bare have en god time.<\/p>\n<p data-start=\"632\" data-end=\"700\" data-is-last-node=\"\" data-is-only-node=\"\">Hos os bliver du en del af et f\u00e6llesskab, hvor vi bev\u00e6ger os sammen.<\/p>\n<p data-start=\"632\" data-end=\"700\" data-is-last-node=\"\" data-is-only-node=\"\"><a href=\"https:\/\/great-shtern.46-30-124-30.plesk.page\/?page_id=398\">Se alle vores hold.<\/a><\/p>\n<div class=\"ccms-table-menu\" style=\"display: none; left: 775px; top: 148px;\"><button style=\"background: #FFF !important; color: #000 !important;\" data-act=\"row-before\">Inds\u00e6t r\u00e6kke over<\/button><button style=\"background: #FFF !important; color: #000 !important;\" data-act=\"row-after\">Inds\u00e6t r\u00e6kke under<\/button><button style=\"background: #FFF !important; color: #000 !important;\" data-act=\"col-before\">Inds\u00e6t kolonne f\u00f8r<\/button><button style=\"background: #FFF !important; color: #000 !important;\" data-act=\"col-after\">Inds\u00e6t kolonne efter<\/button><button style=\"background: #FFF !important; color: #000 !important;\" data-act=\"row-del\">Slet r\u00e6kke<\/button><button style=\"background: #FFF !important; color: #000 !important;\" data-act=\"col-del\">Slet kolonne<\/button><\/div>\n","protected":false},"excerpt":{"rendered":"<p>Hos TIK Gymnastik er vi et aktivt f\u00e6llesskab for b\u00f8rn, unge og voksne, der vil bev\u00e6ge sig og have det godt i kroppen. Vi tilbyder gymnastik og tr\u00e6ning p\u00e5 hold i trygge rammer, hvor der er plads til b\u00e5de begyndere og \u00f8vede. Du finder alt fra b\u00f8rnegymnastik og spring til yoga, reformer og funktionel tr\u00e6ning. [&hellip;]<\/p>\n","protected":false},"author":4,"featured_media":2532,"parent":0,"menu_order":1,"comment_status":"closed","ping_status":"closed","template":"","meta":{"_et_pb_use_builder":"","_et_pb_old_content":"","_et_gb_content_width":"","footnotes":""},"class_list":["post-1113","page","type-page","status-publish","has-post-thumbnail","hentry"],"_links":{"self":[{"href":"https:\/\/great-shtern.46-30-124-30.plesk.page\/index.php?rest_route=\/wp\/v2\/pages\/1113","targetHints":{"allow":["GET"]}}],"collection":[{"href":"https:\/\/great-shtern.46-30-124-30.plesk.page\/index.php?rest_route=\/wp\/v2\/pages"}],"about":[{"href":"https:\/\/great-shtern.46-30-124-30.plesk.page\/index.php?rest_route=\/wp\/v2\/types\/page"}],"author":[{"embeddable":true,"href":"https:\/\/great-shtern.46-30-124-30.plesk.page\/index.php?rest_route=\/wp\/v2\/users\/4"}],"replies":[{"embeddable":true,"href":"https:\/\/great-shtern.46-30-124-30.plesk.page\/index.php?rest_route=%2Fwp%2Fv2%2Fcomments&post=1113"}],"version-history":[{"count":10,"href":"https:\/\/great-shtern.46-30-124-30.plesk.page\/index.php?rest_route=\/wp\/v2\/pages\/1113\/revisions"}],"predecessor-version":[{"id":2606,"href":"https:\/\/great-shtern.46-30-124-30.plesk.page\/index.php?rest_route=\/wp\/v2\/pages\/1113\/revisions\/2606"}],"wp:featuredmedia":[{"embeddable":true,"href":"https:\/\/great-shtern.46-30-124-30.plesk.page\/index.php?rest_route=\/wp\/v2\/media\/2532"}],"wp:attachment":[{"href":"https:\/\/great-shtern.46-30-124-30.plesk.page\/index.php?rest_route=%2Fwp%2Fv2%2Fmedia&parent=1113"}],"curies":[{"name":"wp","href":"https:\/\/api.w.org\/{rel}","templated":true}]}}