{"id":2155,"date":"2025-08-29T06:56:24","date_gmt":"2025-08-29T04:56:24","guid":{"rendered":"https:\/\/great-shtern.46-30-124-30.plesk.page\/?page_id=2155"},"modified":"2026-05-05T11:58:03","modified_gmt":"2026-05-05T09:58:03","slug":"faq","status":"publish","type":"page","link":"https:\/\/great-shtern.46-30-124-30.plesk.page\/?page_id=2155","title":{"rendered":"FAQ"},"content":{"rendered":"\t\t<div class=\"faq-accordion\" id=\"faq-acc-8e0f0c15-5421-4f36-9385-7316f53a5128\" data-open-first=\"1\">\n\t\t\t<div class=\"faq-accordion__list\" role=\"list\">\n\t\t\t\t\t\t\t\t\t<article class=\"faq-accordion__item\" role=\"listitem\">\n\t\t\t\t\t\t<h3 class=\"faq-accordion__heading\">\n\t\t\t\t\t\t\t<span class=\"faq-accordion__trigger\" aria-expanded=\"false\" aria-controls=\"faq-acc-8e0f0c15-5421-4f36-9385-7316f53a5128-item-1-panel\" id=\"faq-acc-8e0f0c15-5421-4f36-9385-7316f53a5128-item-1\">\n\t\t\t\t\t\t\t\t<span style=\"padding: 0px 10px;\" class=\"faq-accordion__q\"><b>Hvordan finder jeg det rigtige hold?<\/b><\/span>\n\t\t\t\t\t\t\t\t<span class=\"faq-accordion__icon\" aria-hidden=\"true\"><\/span>\n\t\t\t\t\t\t\t<\/span>\n\t\t\t\t\t\t<\/h3>\n\t\t\t\t\t\t<div id=\"faq-acc-8e0f0c15-5421-4f36-9385-7316f53a5128-item-1-panel\" class=\"faq-accordion__panel\" role=\"region\" aria-labelledby=\"faq-acc-8e0f0c15-5421-4f36-9385-7316f53a5128-item-1\">\n\t\t\t\t\t\t\t<div style=\"padding: 0px 10px;\" class=\"faq-accordion__a\"><p>Vi har mange hold at v\u00e6lge mellem. B\u00f8rneholdene er inddelt i alder, og der er hold b\u00e5de med og uden for\u00e6ldre. Voksenholdene er \u00e5bne for alle, der er fyldt 18 \u00e5r. Du kan tilmelde dig holdet, og hvis du i l\u00f8bet af de f\u00f8rste tre gange finder ud af, at det ikke er noget for dig, kan du f\u00e5 refunderet dine penge. Vi vil gerne vide, at du kommer p\u00e5 holdet. Kontakt os derfor, inden du m\u00f8der op.<\/p>\n<\/div>\n\t\t\t\t\t\t<\/div>\n\t\t\t\t\t<\/article>\n\t\t\t\t\t\t\t\t\t\t<article class=\"faq-accordion__item\" role=\"listitem\">\n\t\t\t\t\t\t<h3 class=\"faq-accordion__heading\">\n\t\t\t\t\t\t\t<span class=\"faq-accordion__trigger\" aria-expanded=\"false\" aria-controls=\"faq-acc-8e0f0c15-5421-4f36-9385-7316f53a5128-item-2-panel\" id=\"faq-acc-8e0f0c15-5421-4f36-9385-7316f53a5128-item-2\">\n\t\t\t\t\t\t\t\t<span style=\"padding: 0px 10px;\" class=\"faq-accordion__q\"><b>Hvem kan blive medlem af TIK Gymnastik?<\/b><\/span>\n\t\t\t\t\t\t\t\t<span class=\"faq-accordion__icon\" aria-hidden=\"true\"><\/span>\n\t\t\t\t\t\t\t<\/span>\n\t\t\t\t\t\t<\/h3>\n\t\t\t\t\t\t<div id=\"faq-acc-8e0f0c15-5421-4f36-9385-7316f53a5128-item-2-panel\" class=\"faq-accordion__panel\" role=\"region\" aria-labelledby=\"faq-acc-8e0f0c15-5421-4f36-9385-7316f53a5128-item-2\">\n\t\t\t\t\t\t\t<div style=\"padding: 0px 10px;\" class=\"faq-accordion__a\"><p>Vores forening er \u00e5ben for alle. Vores ambition er at have hold for alle aldre og ambitionsniveauer &#8211; og vi er godt p\u00e5 vej. Men som forening er vi afh\u00e6ngige af frivillige kr\u00e6fter, der vil v\u00e6re instrukt\u00f8rer. Vi er altid p\u00e5 jagt efter nye, der vil g\u00f8re en forskel for andre.<\/p>\n<\/div>\n\t\t\t\t\t\t<\/div>\n\t\t\t\t\t<\/article>\n\t\t\t\t\t\t\t\t\t\t<article class=\"faq-accordion__item\" role=\"listitem\">\n\t\t\t\t\t\t<h3 class=\"faq-accordion__heading\">\n\t\t\t\t\t\t\t<span class=\"faq-accordion__trigger\" aria-expanded=\"false\" aria-controls=\"faq-acc-8e0f0c15-5421-4f36-9385-7316f53a5128-item-3-panel\" id=\"faq-acc-8e0f0c15-5421-4f36-9385-7316f53a5128-item-3\">\n\t\t\t\t\t\t\t\t<span style=\"padding: 0px 10px;\" class=\"faq-accordion__q\"><b>Hvorn\u00e5r kan man blive medlem af TIK Gymnastik?<\/b><\/span>\n\t\t\t\t\t\t\t\t<span class=\"faq-accordion__icon\" aria-hidden=\"true\"><\/span>\n\t\t\t\t\t\t\t<\/span>\n\t\t\t\t\t\t<\/h3>\n\t\t\t\t\t\t<div id=\"faq-acc-8e0f0c15-5421-4f36-9385-7316f53a5128-item-3-panel\" class=\"faq-accordion__panel\" role=\"region\" aria-labelledby=\"faq-acc-8e0f0c15-5421-4f36-9385-7316f53a5128-item-3\">\n\t\t\t\t\t\t\t<div style=\"padding: 0px 10px;\" class=\"faq-accordion__a\"><p>I TIK Gymnastik har vi en vinters\u00e6son og en sommers\u00e6son. Vinters\u00e6sonen begynder i september og slutter i april eller maj. Sommers\u00e6sonen str\u00e6kker sig typisk over maj og juni. I princippet kan du begynde p\u00e5 holdet, n\u00e5r du vil. Hvis der stadig er plads. P\u00e5 langt de fleste hold kan du skrive dig p\u00e5 venteliste, hvis der bliver plads, vil du blive kontaktet.<\/p>\n<\/div>\n\t\t\t\t\t\t<\/div>\n\t\t\t\t\t<\/article>\n\t\t\t\t\t\t\t\t<\/div>\n\n\t\t\t\t\t\t<script type=\"application\/ld+json\">{\n    \"@context\": \"https:\/\/schema.org\",\n    \"@type\": \"FAQPage\",\n    \"mainEntity\": [\n        {\n            \"@type\": \"Question\",\n            \"name\": \"Hvordan finder jeg det rigtige hold?\",\n            \"acceptedAnswer\": {\n                \"@type\": \"Answer\",\n                \"text\": \"Vi har mange hold at v\u00e6lge mellem. B\u00f8rneholdene er inddelt i alder, og der er hold b\u00e5de med og uden for\u00e6ldre. Voksenholdene er \u00e5bne for alle, der er fyldt 18 \u00e5r. Du kan tilmelde dig holdet, og hvis du i l\u00f8bet af de f\u00f8rste tre gange finder ud af, at det ikke er noget for dig, kan du f\u00e5 refunderet dine penge. Vi vil gerne vide, at du kommer p\u00e5 holdet. Kontakt os derfor, inden du m\u00f8der op.\"\n            }\n        },\n        {\n            \"@type\": \"Question\",\n            \"name\": \"Hvem kan blive medlem af TIK Gymnastik?\",\n            \"acceptedAnswer\": {\n                \"@type\": \"Answer\",\n                \"text\": \"Vores forening er \u00e5ben for alle. Vores ambition er at have hold for alle aldre og ambitionsniveauer &#8211; og vi er godt p\u00e5 vej. Men som forening er vi afh\u00e6ngige af frivillige kr\u00e6fter, der vil v\u00e6re instrukt\u00f8rer. Vi er altid p\u00e5 jagt efter nye, der vil g\u00f8re en forskel for andre.\"\n            }\n        },\n        {\n            \"@type\": \"Question\",\n            \"name\": \"Hvorn\u00e5r kan man blive medlem af TIK Gymnastik?\",\n            \"acceptedAnswer\": {\n                \"@type\": \"Answer\",\n                \"text\": \"I TIK Gymnastik har vi en vinters\u00e6son og en sommers\u00e6son. Vinters\u00e6sonen begynder i september og slutter i april eller maj. Sommers\u00e6sonen str\u00e6kker sig typisk over maj og juni. I princippet kan du begynde p\u00e5 holdet, n\u00e5r du vil. Hvis der stadig er plads. P\u00e5 langt de fleste hold kan du skrive dig p\u00e5 venteliste, hvis der bliver plads, vil du blive kontaktet.\"\n            }\n        }\n    ]\n}<\/script>\n\t\t<\/div>\n\t\t\n","protected":false},"excerpt":{"rendered":"","protected":false},"author":4,"featured_media":2612,"parent":0,"menu_order":0,"comment_status":"closed","ping_status":"closed","template":"","meta":{"_et_pb_use_builder":"","_et_pb_old_content":"","_et_gb_content_width":"","footnotes":""},"class_list":["post-2155","page","type-page","status-publish","has-post-thumbnail","hentry"],"_links":{"self":[{"href":"https:\/\/great-shtern.46-30-124-30.plesk.page\/index.php?rest_route=\/wp\/v2\/pages\/2155","targetHints":{"allow":["GET"]}}],"collection":[{"href":"https:\/\/great-shtern.46-30-124-30.plesk.page\/index.php?rest_route=\/wp\/v2\/pages"}],"about":[{"href":"https:\/\/great-shtern.46-30-124-30.plesk.page\/index.php?rest_route=\/wp\/v2\/types\/page"}],"author":[{"embeddable":true,"href":"https:\/\/great-shtern.46-30-124-30.plesk.page\/index.php?rest_route=\/wp\/v2\/users\/4"}],"replies":[{"embeddable":true,"href":"https:\/\/great-shtern.46-30-124-30.plesk.page\/index.php?rest_route=%2Fwp%2Fv2%2Fcomments&post=2155"}],"version-history":[{"count":1,"href":"https:\/\/great-shtern.46-30-124-30.plesk.page\/index.php?rest_route=\/wp\/v2\/pages\/2155\/revisions"}],"predecessor-version":[{"id":2157,"href":"https:\/\/great-shtern.46-30-124-30.plesk.page\/index.php?rest_route=\/wp\/v2\/pages\/2155\/revisions\/2157"}],"wp:featuredmedia":[{"embeddable":true,"href":"https:\/\/great-shtern.46-30-124-30.plesk.page\/index.php?rest_route=\/wp\/v2\/media\/2612"}],"wp:attachment":[{"href":"https:\/\/great-shtern.46-30-124-30.plesk.page\/index.php?rest_route=%2Fwp%2Fv2%2Fmedia&parent=2155"}],"curies":[{"name":"wp","href":"https:\/\/api.w.org\/{rel}","templated":true}]}}