{"id":2359,"date":"2026-03-13T13:55:04","date_gmt":"2026-03-13T11:55:04","guid":{"rendered":"https:\/\/great-shtern.46-30-124-30.plesk.page\/?page_id=2359"},"modified":"2026-05-05T13:59:23","modified_gmt":"2026-05-05T11:59:23","slug":"hold-for-boern-med-voksne","status":"publish","type":"page","link":"https:\/\/great-shtern.46-30-124-30.plesk.page\/?page_id=2359","title":{"rendered":"Hold for b\u00f8rn og voksne"},"content":{"rendered":"<p data-start=\"0\" data-end=\"61\">Leder du efter gymnastik for b\u00f8rn, hvor du er med som voksen?<\/p>\n<p data-start=\"63\" data-end=\"248\">Hos TIK Gymnastik tilbyder vi hold, hvor du og dit barn er aktive sammen. I leger, bev\u00e6ger jer og udforsker redskaber i trygge rammer, hvor dit barn udvikler motorik og kropsforst\u00e5else. Du er med hele vejen p\u00e5 gulvet. Det giver tryghed for dit barn og gode f\u00e6lles oplevelser Holdene er for b\u00f8rn i de tidlige \u00e5r sammen med en voksen \u2013 fx mor, far eller bedstefor\u00e6lder.<\/p>\n<p>Se vores hold, og find det, der passer til jer.<\/p>\n<p>&nbsp;<\/p>\n<p><script type=\"text\/javascript\" src=\"https:\/\/www.conventus.dk\/dataudv\/www\/holdoversigt_ny.php?foreningsid=8905&#038;afdelingsid=34162&#038;handelsbetingelser=1&#038;reservationer=vis&#038;skjul_nyt_medlem=0&#038;skjul_allerede_medlem=0&#038;raekkefoelge=alfabetisk&#038;vis_adresse=0&#038;knap_placering=horisontal&#038;highlight=pris&#038;start=periode;ledige_pladser&#038;info=tid_sted;alder;betaling;tilmelding;tilmeld_aabner_om;ledere;om_holdet&#038;sprog=auto\"><span data-mce-type=\"bookmark\" style=\"display: inline-block; width: 0px; overflow: hidden; line-height: 0;\" class=\"mce_SELRES_start\">\ufeff<\/span><\/script><\/p>\n","protected":false},"excerpt":{"rendered":"<p>Leder du efter gymnastik for b\u00f8rn, hvor du er med som voksen? Hos TIK Gymnastik tilbyder vi hold, hvor du og dit barn er aktive sammen. I leger, bev\u00e6ger jer og udforsker redskaber i trygge rammer, hvor dit barn udvikler motorik og kropsforst\u00e5else. Du er med hele vejen p\u00e5 gulvet. Det giver tryghed for dit [&hellip;]<\/p>\n","protected":false},"author":4,"featured_media":2652,"parent":398,"menu_order":0,"comment_status":"closed","ping_status":"closed","template":"","meta":{"_et_pb_use_builder":"","_et_pb_old_content":"","_et_gb_content_width":"","footnotes":""},"class_list":["post-2359","page","type-page","status-publish","has-post-thumbnail","hentry"],"_links":{"self":[{"href":"https:\/\/great-shtern.46-30-124-30.plesk.page\/index.php?rest_route=\/wp\/v2\/pages\/2359","targetHints":{"allow":["GET"]}}],"collection":[{"href":"https:\/\/great-shtern.46-30-124-30.plesk.page\/index.php?rest_route=\/wp\/v2\/pages"}],"about":[{"href":"https:\/\/great-shtern.46-30-124-30.plesk.page\/index.php?rest_route=\/wp\/v2\/types\/page"}],"author":[{"embeddable":true,"href":"https:\/\/great-shtern.46-30-124-30.plesk.page\/index.php?rest_route=\/wp\/v2\/users\/4"}],"replies":[{"embeddable":true,"href":"https:\/\/great-shtern.46-30-124-30.plesk.page\/index.php?rest_route=%2Fwp%2Fv2%2Fcomments&post=2359"}],"version-history":[{"count":5,"href":"https:\/\/great-shtern.46-30-124-30.plesk.page\/index.php?rest_route=\/wp\/v2\/pages\/2359\/revisions"}],"predecessor-version":[{"id":2651,"href":"https:\/\/great-shtern.46-30-124-30.plesk.page\/index.php?rest_route=\/wp\/v2\/pages\/2359\/revisions\/2651"}],"up":[{"embeddable":true,"href":"https:\/\/great-shtern.46-30-124-30.plesk.page\/index.php?rest_route=\/wp\/v2\/pages\/398"}],"wp:featuredmedia":[{"embeddable":true,"href":"https:\/\/great-shtern.46-30-124-30.plesk.page\/index.php?rest_route=\/wp\/v2\/media\/2652"}],"wp:attachment":[{"href":"https:\/\/great-shtern.46-30-124-30.plesk.page\/index.php?rest_route=%2Fwp%2Fv2%2Fmedia&parent=2359"}],"curies":[{"name":"wp","href":"https:\/\/api.w.org\/{rel}","templated":true}]}}