{"id":2361,"date":"2026-03-13T13:55:13","date_gmt":"2026-03-13T11:55:13","guid":{"rendered":"https:\/\/great-shtern.46-30-124-30.plesk.page\/?page_id=2361"},"modified":"2026-05-05T11:59:23","modified_gmt":"2026-05-05T09:59:23","slug":"hold-for-boern-og-unge","status":"publish","type":"page","link":"https:\/\/great-shtern.46-30-124-30.plesk.page\/?page_id=2361","title":{"rendered":"Hold for b\u00f8rn og unge"},"content":{"rendered":"<p data-start=\"0\" data-end=\"80\">Leder du efter gymnastik for b\u00f8rn og unge, hvor de kan udvikle sig selvst\u00e6ndigt?<\/p>\n<p data-start=\"82\" data-end=\"253\">Hos TIK Gymnastik tilbyder vi hold, hvor b\u00f8rn og unge tr\u00e6ner uden voksne. Her er der fokus p\u00e5 bev\u00e6gelse, f\u00e6rdigheder og f\u00e6llesskab i trygge rammer, hvor alle kan v\u00e6re med. Vores instrukt\u00f8rer skaber en god balance mellem leg, l\u00e6ring og udfordring, s\u00e5 gymnaster styrker b\u00e5de motorik, selvtillid og gl\u00e6den ved at v\u00e6re aktive. Holdene er opdelt efter alder og niveau, s\u00e5 alle f\u00e5r den bedst mulige oplevelse.<\/p>\n<p data-start=\"503\" data-end=\"536\" data-is-last-node=\"\" data-is-only-node=\"\"><em>Vi \u00e5bner for nye hold medio juni.<\/em><\/p>\n<p><script type=\"text\/javascript\" src=\"https:\/\/www.conventus.dk\/dataudv\/www\/holdoversigt_ny.php?foreningsid=8905&#038;afdelingsid=34161&#038;handelsbetingelser=1&#038;reservationer=vis&#038;skjul_nyt_medlem=0&#038;skjul_allerede_medlem=0&#038;raekkefoelge=alfabetisk&#038;vis_adresse=0&#038;knap_placering=horisontal&#038;highlight=pris&#038;start=periode;ledige_pladser&#038;info=tid_sted;alder;betaling;tilmelding;tilmeld_aabner_om;ledere;om_holdet&#038;sprog=auto\"><\/script><\/p>\n","protected":false},"excerpt":{"rendered":"<p>Leder du efter gymnastik for b\u00f8rn og unge, hvor de kan udvikle sig selvst\u00e6ndigt? Hos TIK Gymnastik tilbyder vi hold, hvor b\u00f8rn og unge tr\u00e6ner uden voksne. Her er der fokus p\u00e5 bev\u00e6gelse, f\u00e6rdigheder og f\u00e6llesskab i trygge rammer, hvor alle kan v\u00e6re med. Vores instrukt\u00f8rer skaber en god balance mellem leg, l\u00e6ring og udfordring, [&hellip;]<\/p>\n","protected":false},"author":4,"featured_media":2432,"parent":398,"menu_order":0,"comment_status":"closed","ping_status":"closed","template":"","meta":{"_et_pb_use_builder":"","_et_pb_old_content":"","_et_gb_content_width":"","footnotes":""},"class_list":["post-2361","page","type-page","status-publish","has-post-thumbnail","hentry"],"_links":{"self":[{"href":"https:\/\/great-shtern.46-30-124-30.plesk.page\/index.php?rest_route=\/wp\/v2\/pages\/2361","targetHints":{"allow":["GET"]}}],"collection":[{"href":"https:\/\/great-shtern.46-30-124-30.plesk.page\/index.php?rest_route=\/wp\/v2\/pages"}],"about":[{"href":"https:\/\/great-shtern.46-30-124-30.plesk.page\/index.php?rest_route=\/wp\/v2\/types\/page"}],"author":[{"embeddable":true,"href":"https:\/\/great-shtern.46-30-124-30.plesk.page\/index.php?rest_route=\/wp\/v2\/users\/4"}],"replies":[{"embeddable":true,"href":"https:\/\/great-shtern.46-30-124-30.plesk.page\/index.php?rest_route=%2Fwp%2Fv2%2Fcomments&post=2361"}],"version-history":[{"count":4,"href":"https:\/\/great-shtern.46-30-124-30.plesk.page\/index.php?rest_route=\/wp\/v2\/pages\/2361\/revisions"}],"predecessor-version":[{"id":2595,"href":"https:\/\/great-shtern.46-30-124-30.plesk.page\/index.php?rest_route=\/wp\/v2\/pages\/2361\/revisions\/2595"}],"up":[{"embeddable":true,"href":"https:\/\/great-shtern.46-30-124-30.plesk.page\/index.php?rest_route=\/wp\/v2\/pages\/398"}],"wp:featuredmedia":[{"embeddable":true,"href":"https:\/\/great-shtern.46-30-124-30.plesk.page\/index.php?rest_route=\/wp\/v2\/media\/2432"}],"wp:attachment":[{"href":"https:\/\/great-shtern.46-30-124-30.plesk.page\/index.php?rest_route=%2Fwp%2Fv2%2Fmedia&parent=2361"}],"curies":[{"name":"wp","href":"https:\/\/api.w.org\/{rel}","templated":true}]}}