{"id":2365,"date":"2026-03-13T13:55:28","date_gmt":"2026-03-13T11:55:28","guid":{"rendered":"https:\/\/great-shtern.46-30-124-30.plesk.page\/?page_id=2365"},"modified":"2026-05-05T14:03:11","modified_gmt":"2026-05-05T12:03:11","slug":"rsg-rytmisk-sportsgymnastik","status":"publish","type":"page","link":"https:\/\/great-shtern.46-30-124-30.plesk.page\/?page_id=2365","title":{"rendered":"RSG \u2013 Rytmisk Sportsgymnastik"},"content":{"rendered":"<p data-start=\"0\" data-end=\"75\">Leder du efter rytmisk gymnastik, hvor bev\u00e6gelse og udtryk g\u00e5r h\u00e5nd i h\u00e5nd?<\/p>\n<p data-start=\"77\" data-end=\"284\">Hos TIK Gymnastik tilbyder vi RSG, hvor b\u00f8rn, unge og voksne arbejder med kropskontrol, smidighed og serier med redskaber som bold, t\u00f8ndeb\u00e5nd og vimpel. Her er der fokus p\u00e5 teknik, rytme og gl\u00e6den ved at bev\u00e6ge sig.<\/p>\n<p><script type=\"text\/javascript\" src=\"https:\/\/www.conventus.dk\/dataudv\/www\/holdoversigt_ny.php?foreningsid=8905&#038;afdelingsid=34160&#038;handelsbetingelser=1&#038;reservationer=vis&#038;skjul_nyt_medlem=0&#038;skjul_allerede_medlem=0&#038;raekkefoelge=alfabetisk&#038;vis_adresse=0&#038;knap_placering=horisontal&#038;highlight=pris&#038;start=periode;ledige_pladser&#038;info=tid_sted;alder;betaling;tilmelding;tilmeld_aabner_om;ledere;om_holdet&#038;sprog=auto\"><\/script><\/p>\n","protected":false},"excerpt":{"rendered":"<p>Leder du efter rytmisk gymnastik, hvor bev\u00e6gelse og udtryk g\u00e5r h\u00e5nd i h\u00e5nd? Hos TIK Gymnastik tilbyder vi RSG, hvor b\u00f8rn, unge og voksne arbejder med kropskontrol, smidighed og serier med redskaber som bold, t\u00f8ndeb\u00e5nd og vimpel. Her er der fokus p\u00e5 teknik, rytme og gl\u00e6den ved at bev\u00e6ge sig.<\/p>\n","protected":false},"author":4,"featured_media":2653,"parent":398,"menu_order":0,"comment_status":"closed","ping_status":"closed","template":"","meta":{"_et_pb_use_builder":"","_et_pb_old_content":"","_et_gb_content_width":"","footnotes":""},"class_list":["post-2365","page","type-page","status-publish","has-post-thumbnail","hentry"],"_links":{"self":[{"href":"https:\/\/great-shtern.46-30-124-30.plesk.page\/index.php?rest_route=\/wp\/v2\/pages\/2365","targetHints":{"allow":["GET"]}}],"collection":[{"href":"https:\/\/great-shtern.46-30-124-30.plesk.page\/index.php?rest_route=\/wp\/v2\/pages"}],"about":[{"href":"https:\/\/great-shtern.46-30-124-30.plesk.page\/index.php?rest_route=\/wp\/v2\/types\/page"}],"author":[{"embeddable":true,"href":"https:\/\/great-shtern.46-30-124-30.plesk.page\/index.php?rest_route=\/wp\/v2\/users\/4"}],"replies":[{"embeddable":true,"href":"https:\/\/great-shtern.46-30-124-30.plesk.page\/index.php?rest_route=%2Fwp%2Fv2%2Fcomments&post=2365"}],"version-history":[{"count":3,"href":"https:\/\/great-shtern.46-30-124-30.plesk.page\/index.php?rest_route=\/wp\/v2\/pages\/2365\/revisions"}],"predecessor-version":[{"id":2599,"href":"https:\/\/great-shtern.46-30-124-30.plesk.page\/index.php?rest_route=\/wp\/v2\/pages\/2365\/revisions\/2599"}],"up":[{"embeddable":true,"href":"https:\/\/great-shtern.46-30-124-30.plesk.page\/index.php?rest_route=\/wp\/v2\/pages\/398"}],"wp:featuredmedia":[{"embeddable":true,"href":"https:\/\/great-shtern.46-30-124-30.plesk.page\/index.php?rest_route=\/wp\/v2\/media\/2653"}],"wp:attachment":[{"href":"https:\/\/great-shtern.46-30-124-30.plesk.page\/index.php?rest_route=%2Fwp%2Fv2%2Fmedia&parent=2365"}],"curies":[{"name":"wp","href":"https:\/\/api.w.org\/{rel}","templated":true}]}}