{"id":2367,"date":"2026-03-13T13:55:37","date_gmt":"2026-03-13T11:55:37","guid":{"rendered":"https:\/\/great-shtern.46-30-124-30.plesk.page\/?page_id=2367"},"modified":"2026-05-05T12:01:09","modified_gmt":"2026-05-05T10:01:09","slug":"voksenhold","status":"publish","type":"page","link":"https:\/\/great-shtern.46-30-124-30.plesk.page\/?page_id=2367","title":{"rendered":"Voksenhold"},"content":{"rendered":"<p data-start=\"0\" data-end=\"82\">Leder du efter tr\u00e6ning, der passer ind i din hverdag \u2013 morgen, middag eller aften?<\/p>\n<p data-start=\"84\" data-end=\"245\">Hos TIK Gymnastik tilbyder vi voksenhold fem dage om ugen &#8211; morgen, middag og aften &#8211;\u00a0 med noget for enhver smag og kondital. Du kan fx v\u00e6lge mellem reformer, yoga, funktionel tr\u00e6ning eller motionsgymnastik.<\/p>\n<p data-start=\"247\" data-end=\"337\">Du tr\u00e6ner i et trygt f\u00e6llesskab med fokus p\u00e5 styrke, bev\u00e6gelse og velv\u00e6re \u2013 uanset niveau.<\/p>\n<p data-start=\"339\" data-end=\"423\">Instrukt\u00f8rerne guider dig og hj\u00e6lper dig med at finde den tr\u00e6ning, der passer til dig.<\/p>\n<p><script type=\"text\/javascript\" src=\"https:\/\/www.conventus.dk\/dataudv\/www\/holdoversigt_ny.php?foreningsid=8905&#038;afdelingsid=34163&#038;handelsbetingelser=1&#038;reservationer=vis&#038;skjul_nyt_medlem=0&#038;skjul_allerede_medlem=0&#038;raekkefoelge=alfabetisk&#038;vis_adresse=0&#038;knap_placering=horisontal&#038;highlight=pris&#038;start=periode;ledige_pladser&#038;info=tid_sted;alder;betaling;tilmelding;tilmeld_aabner_om;ledere;om_holdet&#038;sprog=auto\"><\/script><\/p>\n","protected":false},"excerpt":{"rendered":"<p>Leder du efter tr\u00e6ning, der passer ind i din hverdag \u2013 morgen, middag eller aften? Hos TIK Gymnastik tilbyder vi voksenhold fem dage om ugen &#8211; morgen, middag og aften &#8211;\u00a0 med noget for enhver smag og kondital. Du kan fx v\u00e6lge mellem reformer, yoga, funktionel tr\u00e6ning eller motionsgymnastik. Du tr\u00e6ner i et trygt f\u00e6llesskab [&hellip;]<\/p>\n","protected":false},"author":4,"featured_media":2615,"parent":398,"menu_order":0,"comment_status":"closed","ping_status":"closed","template":"","meta":{"_et_pb_use_builder":"","_et_pb_old_content":"","_et_gb_content_width":"","footnotes":""},"class_list":["post-2367","page","type-page","status-publish","has-post-thumbnail","hentry"],"_links":{"self":[{"href":"https:\/\/great-shtern.46-30-124-30.plesk.page\/index.php?rest_route=\/wp\/v2\/pages\/2367","targetHints":{"allow":["GET"]}}],"collection":[{"href":"https:\/\/great-shtern.46-30-124-30.plesk.page\/index.php?rest_route=\/wp\/v2\/pages"}],"about":[{"href":"https:\/\/great-shtern.46-30-124-30.plesk.page\/index.php?rest_route=\/wp\/v2\/types\/page"}],"author":[{"embeddable":true,"href":"https:\/\/great-shtern.46-30-124-30.plesk.page\/index.php?rest_route=\/wp\/v2\/users\/4"}],"replies":[{"embeddable":true,"href":"https:\/\/great-shtern.46-30-124-30.plesk.page\/index.php?rest_route=%2Fwp%2Fv2%2Fcomments&post=2367"}],"version-history":[{"count":3,"href":"https:\/\/great-shtern.46-30-124-30.plesk.page\/index.php?rest_route=\/wp\/v2\/pages\/2367\/revisions"}],"predecessor-version":[{"id":2602,"href":"https:\/\/great-shtern.46-30-124-30.plesk.page\/index.php?rest_route=\/wp\/v2\/pages\/2367\/revisions\/2602"}],"up":[{"embeddable":true,"href":"https:\/\/great-shtern.46-30-124-30.plesk.page\/index.php?rest_route=\/wp\/v2\/pages\/398"}],"wp:featuredmedia":[{"embeddable":true,"href":"https:\/\/great-shtern.46-30-124-30.plesk.page\/index.php?rest_route=\/wp\/v2\/media\/2615"}],"wp:attachment":[{"href":"https:\/\/great-shtern.46-30-124-30.plesk.page\/index.php?rest_route=%2Fwp%2Fv2%2Fmedia&parent=2367"}],"curies":[{"name":"wp","href":"https:\/\/api.w.org\/{rel}","templated":true}]}}