{"id":2369,"date":"2026-03-13T13:55:46","date_gmt":"2026-03-13T11:55:46","guid":{"rendered":"https:\/\/great-shtern.46-30-124-30.plesk.page\/?page_id=2369"},"modified":"2026-05-05T14:03:42","modified_gmt":"2026-05-05T12:03:42","slug":"floorball","status":"publish","type":"page","link":"https:\/\/great-shtern.46-30-124-30.plesk.page\/?page_id=2369","title":{"rendered":"Floorball"},"content":{"rendered":"<p data-start=\"0\" data-end=\"63\">Leder du efter en sjov og effektiv m\u00e5de at holde dig i gang p\u00e5?<\/p>\n<p data-start=\"65\" data-end=\"243\">Hos TIK Gymnastik tilbyder vi motionsfloorball, hvor du f\u00e5r pulsen op og smil p\u00e5 l\u00e6ben. Her spiller vi i et uformelt f\u00e6llesskab med fokus p\u00e5 bev\u00e6gelse, spillegl\u00e6de og god energi. Du beh\u00f8ver ikke erfaring. Vi tilpasser niveauet, s\u00e5 alle kan v\u00e6re med og f\u00e5 en god oplevelse. Tag en ven med eller kom alene \u2013 vi s\u00f8rger for resten.<\/p>\n<p><script type=\"text\/javascript\" src=\"https:\/\/www.conventus.dk\/dataudv\/www\/holdoversigt_ny.php?foreningsid=8905&#038;afdelingsid=59250&#038;handelsbetingelser=1&#038;reservationer=vis&#038;skjul_nyt_medlem=0&#038;skjul_allerede_medlem=0&#038;raekkefoelge=alfabetisk&#038;vis_adresse=0&#038;knap_placering=horisontal&#038;highlight=pris&#038;start=periode;ledige_pladser&#038;info=tid_sted;alder;betaling;tilmelding;tilmeld_aabner_om;ledere;om_holdet&#038;sprog=auto\"><\/script><\/p>\n","protected":false},"excerpt":{"rendered":"<p>Leder du efter en sjov og effektiv m\u00e5de at holde dig i gang p\u00e5? Hos TIK Gymnastik tilbyder vi motionsfloorball, hvor du f\u00e5r pulsen op og smil p\u00e5 l\u00e6ben. Her spiller vi i et uformelt f\u00e6llesskab med fokus p\u00e5 bev\u00e6gelse, spillegl\u00e6de og god energi. Du beh\u00f8ver ikke erfaring. Vi tilpasser niveauet, s\u00e5 alle kan v\u00e6re [&hellip;]<\/p>\n","protected":false},"author":4,"featured_media":2654,"parent":398,"menu_order":0,"comment_status":"closed","ping_status":"closed","template":"","meta":{"_et_pb_use_builder":"","_et_pb_old_content":"","_et_gb_content_width":"","footnotes":""},"class_list":["post-2369","page","type-page","status-publish","has-post-thumbnail","hentry"],"_links":{"self":[{"href":"https:\/\/great-shtern.46-30-124-30.plesk.page\/index.php?rest_route=\/wp\/v2\/pages\/2369","targetHints":{"allow":["GET"]}}],"collection":[{"href":"https:\/\/great-shtern.46-30-124-30.plesk.page\/index.php?rest_route=\/wp\/v2\/pages"}],"about":[{"href":"https:\/\/great-shtern.46-30-124-30.plesk.page\/index.php?rest_route=\/wp\/v2\/types\/page"}],"author":[{"embeddable":true,"href":"https:\/\/great-shtern.46-30-124-30.plesk.page\/index.php?rest_route=\/wp\/v2\/users\/4"}],"replies":[{"embeddable":true,"href":"https:\/\/great-shtern.46-30-124-30.plesk.page\/index.php?rest_route=%2Fwp%2Fv2%2Fcomments&post=2369"}],"version-history":[{"count":3,"href":"https:\/\/great-shtern.46-30-124-30.plesk.page\/index.php?rest_route=\/wp\/v2\/pages\/2369\/revisions"}],"predecessor-version":[{"id":2596,"href":"https:\/\/great-shtern.46-30-124-30.plesk.page\/index.php?rest_route=\/wp\/v2\/pages\/2369\/revisions\/2596"}],"up":[{"embeddable":true,"href":"https:\/\/great-shtern.46-30-124-30.plesk.page\/index.php?rest_route=\/wp\/v2\/pages\/398"}],"wp:featuredmedia":[{"embeddable":true,"href":"https:\/\/great-shtern.46-30-124-30.plesk.page\/index.php?rest_route=\/wp\/v2\/media\/2654"}],"wp:attachment":[{"href":"https:\/\/great-shtern.46-30-124-30.plesk.page\/index.php?rest_route=%2Fwp%2Fv2%2Fmedia&parent=2369"}],"curies":[{"name":"wp","href":"https:\/\/api.w.org\/{rel}","templated":true}]}}