{"id":2371,"date":"2026-03-13T13:55:54","date_gmt":"2026-03-13T11:55:54","guid":{"rendered":"https:\/\/great-shtern.46-30-124-30.plesk.page\/?page_id=2371"},"modified":"2026-05-05T14:05:41","modified_gmt":"2026-05-05T12:05:41","slug":"gymnastik-for-gravide","status":"publish","type":"page","link":"https:\/\/great-shtern.46-30-124-30.plesk.page\/?page_id=2371","title":{"rendered":"Tr\u00e6ning for gravide"},"content":{"rendered":"<p data-start=\"0\" data-end=\"62\">Leder du efter tr\u00e6ning, der passer til dig, mens du er gravid?<\/p>\n<p data-start=\"64\" data-end=\"247\">Hos TIK Gymnastik tilbyder vi hold for gravide, hvor du kan bev\u00e6ge dig trygt gennem hele graviditeten. Vi arbejder med styrke, smidighed og ro, s\u00e5 din krop bliver st\u00f8ttet og afsp\u00e6ndt. Instrukt\u00f8ren er ogs\u00e5 uddannet jordemor, der guider dig med \u00f8velser, der tager hensyn til din krop og dit niveau. Du f\u00e5r b\u00e5de energi i hverdagen og en bedre kontakt til kroppen, s\u00e5 du kommer i form til f\u00f8dsel.<\/p>\n<p><script type=\"text\/javascript\" src=\"https:\/\/www.conventus.dk\/dataudv\/www\/holdoversigt_ny.php?foreningsid=8905&#038;afdelingsid=35120&#038;handelsbetingelser=1&#038;reservationer=vis&#038;skjul_nyt_medlem=0&#038;skjul_allerede_medlem=0&#038;raekkefoelge=alfabetisk&#038;vis_adresse=0&#038;knap_placering=horisontal&#038;highlight=pris&#038;start=periode;ledige_pladser&#038;info=tid_sted;alder;betaling;tilmelding;tilmeld_aabner_om;ledere;om_holdet&#038;sprog=auto\"><\/script><\/p>\n","protected":false},"excerpt":{"rendered":"<p>Leder du efter tr\u00e6ning, der passer til dig, mens du er gravid? Hos TIK Gymnastik tilbyder vi hold for gravide, hvor du kan bev\u00e6ge dig trygt gennem hele graviditeten. Vi arbejder med styrke, smidighed og ro, s\u00e5 din krop bliver st\u00f8ttet og afsp\u00e6ndt. Instrukt\u00f8ren er ogs\u00e5 uddannet jordemor, der guider dig med \u00f8velser, der tager [&hellip;]<\/p>\n","protected":false},"author":4,"featured_media":2655,"parent":398,"menu_order":0,"comment_status":"closed","ping_status":"closed","template":"","meta":{"_et_pb_use_builder":"","_et_pb_old_content":"","_et_gb_content_width":"","footnotes":""},"class_list":["post-2371","page","type-page","status-publish","has-post-thumbnail","hentry"],"_links":{"self":[{"href":"https:\/\/great-shtern.46-30-124-30.plesk.page\/index.php?rest_route=\/wp\/v2\/pages\/2371","targetHints":{"allow":["GET"]}}],"collection":[{"href":"https:\/\/great-shtern.46-30-124-30.plesk.page\/index.php?rest_route=\/wp\/v2\/pages"}],"about":[{"href":"https:\/\/great-shtern.46-30-124-30.plesk.page\/index.php?rest_route=\/wp\/v2\/types\/page"}],"author":[{"embeddable":true,"href":"https:\/\/great-shtern.46-30-124-30.plesk.page\/index.php?rest_route=\/wp\/v2\/users\/4"}],"replies":[{"embeddable":true,"href":"https:\/\/great-shtern.46-30-124-30.plesk.page\/index.php?rest_route=%2Fwp%2Fv2%2Fcomments&post=2371"}],"version-history":[{"count":3,"href":"https:\/\/great-shtern.46-30-124-30.plesk.page\/index.php?rest_route=\/wp\/v2\/pages\/2371\/revisions"}],"predecessor-version":[{"id":2597,"href":"https:\/\/great-shtern.46-30-124-30.plesk.page\/index.php?rest_route=\/wp\/v2\/pages\/2371\/revisions\/2597"}],"up":[{"embeddable":true,"href":"https:\/\/great-shtern.46-30-124-30.plesk.page\/index.php?rest_route=\/wp\/v2\/pages\/398"}],"wp:featuredmedia":[{"embeddable":true,"href":"https:\/\/great-shtern.46-30-124-30.plesk.page\/index.php?rest_route=\/wp\/v2\/media\/2655"}],"wp:attachment":[{"href":"https:\/\/great-shtern.46-30-124-30.plesk.page\/index.php?rest_route=%2Fwp%2Fv2%2Fmedia&parent=2371"}],"curies":[{"name":"wp","href":"https:\/\/api.w.org\/{rel}","templated":true}]}}