{"id":2378,"date":"2026-03-13T13:56:37","date_gmt":"2026-03-13T11:56:37","guid":{"rendered":"https:\/\/great-shtern.46-30-124-30.plesk.page\/?page_id=2378"},"modified":"2026-04-11T20:15:15","modified_gmt":"2026-04-11T18:15:15","slug":"vedtaegter","status":"publish","type":"page","link":"https:\/\/great-shtern.46-30-124-30.plesk.page\/?page_id=2378","title":{"rendered":"Vedt\u00e6gter"},"content":{"rendered":"<p>\u00a71 Navn og form\u00e5l<\/p>\n<p>TIK-GYMNASTIK er en afdeling af TIK, Taastrup Idr\u00e6ts Klub, der har hjemsted i H\u00f8je-Taastrup Kommune. Afdelingens form\u00e5l er \u2013 udfra det frivillige foreningsarbejde ved gymnastik og andre samv\u00e6rsformer \u2013 at fremme den enkeltes bev\u00e6gelsesgl\u00e6de og f\u00e6llesskabets sundhed og trivsel, samt skabe de bedste muligheder for at kunne opn\u00e5 dette.<\/p>\n<p>TIK-Gymnastik er underlagt TIK\u2019s love.<\/p>\n<p>\u00a7 2 Medlemmer<\/p>\n<p>Aktivt medlemskab af TIK-Gymnastik opn\u00e5s s\u00e6sonvis af alle, der deltager i en aktivitet eller er instrukt\u00f8r og har indbetalt kontingent til afdelingen. Passive medlemmer kan optages. Passive medlemmer har ikke adgang til selve idr\u00e6tsud\u00f8velsen, og har ikke stemmeret ved generalforsamlingen, men er valgbare til bestyrelsen.<\/p>\n<p>\u00a7 3 Udelukkelse og eksklusion<\/p>\n<p>Et medlem kan udelukkes eller ekskluderes, s\u00e5fremt vedkommendes opf\u00f8rsel strider mod samfundets love og normer, de g\u00e6ldende normer indenfor gymnastikken, afde-lingens vedt\u00e6gter, eller medlemmet p\u00e5 s\u00e6rlig grov m\u00e5de har tilsidesat sine medlems-pligter. Medlemmet har appelret i henhold til TIK\u2019s love.<\/p>\n<p>\u00a7 4 Ordin\u00e6r generalforsamling<\/p>\n<p>Generalforsamlingen er afdelingens \u00f8verste myndighed i alle anliggender. Afdelingens ordin\u00e6re generalforsamling afholdes en gang \u00e5rligt inden udl\u00f8bet af februar m\u00e5ned.<\/p>\n<p>Generalforsamlingen skal indkaldes med mindst 14 dages varsel ved annoncering p\u00e5 TIK-Gymnastiks hjemmeside, og p\u00e5 de evt. andre elektroniske platforme, hvor TIK-Gymnastik er til stede samt ved e-mail til foreningens medlemme og ved opslag i Taastrup Idr\u00e6ts Haller og i TIK\u2019s Klubhus.<\/p>\n<p>Forslag der \u00f8nskes behandlet p\u00e5 generalforsamlingen, m\u00e5 v\u00e6re formanden skriftligt i h\u00e6nde senest 8 dage f\u00f8r, og disse skal senest 3 dage f\u00f8r generalforsamlingen opsl\u00e5s p\u00e5 opslagstavlen i Taastrup Idr\u00e6ts Haller og TIK\u2019s Klubhus.<\/p>\n<p>En rettidig indvarslet generalforsamlingen er beslutningsdygtig uanset antallet af frem-m\u00f8dte stemmeberettigede medlemmer.<\/p>\n<p>I tilf\u00e6lde af afstemning bestemmer dirigenten afstemningsmetoden, men s\u00e5fremt et medlem beg\u00e6rer skriftlig afstemning, skal det efterkommes.<\/p>\n<p>Der kan kun stemmes ved personligt fremm\u00f8de og ikke ved fuldmagt.<\/p>\n<p>Personer, der er fyldt 14 \u00e5r, og som i den forl\u00f8bne vinter\/sommers\u00e6son har v\u00e6ret aktive medlemmer i afdelingen, har stemmeret ved generalforsamlingen.<\/p>\n<p>B\u00f8rn under 14 \u00e5r, som i den forl\u00f8bne vinter\/sommers\u00e6son har v\u00e6ret aktive medlemmer i afdelingen, har stemmeret gennem en af deres for\u00e6ldre ved generalforsamlingen.<\/p>\n<p>Hver for\u00e6lder, der repr\u00e6senterer et eller flere b\u00f8rn eller sig selv, kan dog kun afgive en stemme.<\/p>\n<p>Alle afg\u00f8relser tr\u00e6ffes ved simpelt flertal blandt de fremm\u00f8dte stemmeberettigede medlemmer. I tilf\u00e6lde af stemmelighed bortfalder et forslag.<\/p>\n<p>\u00a7 5 Dagsorden<\/p>\n<p>Dagsorden for den ordin\u00e6re generalforsamling skal mindst indeholde f\u00f8lgende punkter:<\/p>\n<p>1. Valg af dirigent<\/p>\n<p>2. Valg af to stemmet\u00e6llere<\/p>\n<p>3. Bestyrelsens beretning for det forl\u00f8bne \u00e5r<\/p>\n<p>4. Forel\u00e6ggelse af det reviderede regnskab til godkendelse<\/p>\n<p>5. Forel\u00e6ggelse af forslag til forel\u00f8big budgetramme for n\u00e6ste regnskabs\u00e5r til godkendelse<\/p>\n<p>6. Behandling af indkomne forslag<\/p>\n<p>7. Fasts\u00e6ttelse af bestyrelsens st\u00f8rrelse<\/p>\n<p>8. Valg af bestyrelsesmedlemmer jfr. \u00a7 7<\/p>\n<p>9. Valg af 2 suppleanter til bestyrelsen<\/p>\n<p>10. Valg af 2 revisorer<\/p>\n<p>11. Valg af revisorsuppleant<\/p>\n<p>12. Eventuelt<\/p>\n<p>\u00a7 6 Ekstraordin\u00e6r generalforsamling<\/p>\n<p>Ekstraordin\u00e6r generalforsamling kan til enhver tid indkaldes af bestyrelsen og skal afholdes, n\u00e5r mindst halvdelen af bestyrelsen eller mindst 10 % af samtlige stemme-berettigede medlemmer skriftligt overfor bestyrelsen fremsender \u00f8nske herom med en angivelse af det emne, som \u00f8nskes behandlet. Generalforsamlingen skal afholdes se-nest 4 uger efter beg\u00e6ringens modtagelse.<\/p>\n<p>Den ekstraordin\u00e6re generalforsamling er underkastet de samme regler, som g\u00e6lder for den ordin\u00e6re generalforsamling.<\/p>\n<p>\u00a7 7 Bestyrelse og valg<\/p>\n<p>Afdelingen ledes af en bestyrelse, som best\u00e5r af formand, n\u00e6stformand, kasserer, sekret\u00e6r samt yderligere mindst 2 medlemmer. Generalforsamlingen fasts\u00e6tter bestyrelsens st\u00f8rrelse.<\/p>\n<p>Valgbar til bestyrelsen er alle medlemmer af afdelingen over 14 \u00e5r samt for\u00e6ldre til aktive medlemmer under 14 \u00e5r. Som minimum skal formand og kasserer v\u00e6re personligt myndige. Det tilstr\u00e6bes at bestyrelsens sammens\u00e6tning afspejler foreningens bredde.<\/p>\n<p>Der v\u00e6lges hvert \u00e5r 3 bestyrelsesmedlemmer for 2 \u00e5r og de \u00f8vrige bestyrelsesmedlemmer for et \u00e5r ad gangen.<\/p>\n<p>Bestyrelsen konstituerer sig selv efter generalforsamlingen med formand, n\u00e6stformand, kasserer og sekret\u00e6r.<\/p>\n<p>6 delegerede til TIK\u2019s generalforsamling udpeges af bestyrelsen.<\/p>\n<p>\u00a7 8 Forretningsorden og tegningsret<\/p>\n<p>Bestyrelsen fasts\u00e6tter selv sin forretningsorden, der skal v\u00e6re skriftlig. Bestyrelsen er kun beslutningsdygtig, n\u00e5r mindst halvdelen af bestyrelsen er til stede. Ved afstemning er simpelt flertal g\u00e6ldende. Ved stemmelighed er formandens respektiv den fungerende m\u00f8deleders stemme afg\u00f8rende. Over bestyrelsens forhandlinger f\u00f8res en protokol. Afdelingen tegnes af formanden.<\/p>\n<p>\u00a7 9 Kontingent<\/p>\n<p>Bestyrelsen fasts\u00e6tter kontingentet for de enkelte hold hver s\u00e6son samt kontingentet for instrukt\u00f8rer og \u00e5rskontingentet for passive medlemmer.<\/p>\n<p>Indbetalingsterminer og opkr\u00e6vningsform fasts\u00e6ttes af bestyrelsen.<\/p>\n<p>\u00a7 10 H\u00e6ftelse<\/p>\n<p>Overfor tredjemand h\u00e6fter afdelingen alene med sin formue.<\/p>\n<p>Afdelingens medlemmer og bestyrelse h\u00e6fter ikke personligt for afdelingens forpligtelser.<\/p>\n<p>&nbsp;<\/p>\n<p>\u00a7 11 Regnskab<\/p>\n<p>Regnskabs\u00e5ret g\u00e5r fra 1\/1 \u2013 31\/12.<\/p>\n<p>Regnskabet forel\u00e6gges den ordin\u00e6re generalforsamling til godkendelse og skal v\u00e6re forsynet med revisors og medlemsrevisors p\u00e5tegning og underskrift.<\/p>\n<p>\u00a7 12 Vedt\u00e6gts\u00e6ndringer<\/p>\n<p>Vedt\u00e6gts\u00e6ndringer skal godkendes af generalforsamlingen med mindst 2\/3 af de fremm\u00f8dte stemmeberettigede medlemmer.<\/p>\n<p>\u00a7 13 Afdelingens opl\u00f8sning<\/p>\n<p>Bestemmelse om afdelingens opl\u00f8sning i henhold til love for TIK.<\/p>\n<p><em>Vedtaget p\u00e5 generalforsamlingen den 3. februar 2019<\/em><\/p>\n","protected":false},"excerpt":{"rendered":"<p>\u00a71 Navn og form\u00e5l TIK-GYMNASTIK er en afdeling af TIK, Taastrup Idr\u00e6ts Klub, der har hjemsted i H\u00f8je-Taastrup Kommune. Afdelingens form\u00e5l er \u2013 udfra det frivillige foreningsarbejde ved gymnastik og andre samv\u00e6rsformer \u2013 at fremme den enkeltes bev\u00e6gelsesgl\u00e6de og f\u00e6llesskabets sundhed og trivsel, samt skabe de bedste muligheder for at kunne opn\u00e5 dette. TIK-Gymnastik er [&hellip;]<\/p>\n","protected":false},"author":4,"featured_media":0,"parent":1113,"menu_order":0,"comment_status":"closed","ping_status":"closed","template":"","meta":{"_et_pb_use_builder":"","_et_pb_old_content":"","_et_gb_content_width":"","footnotes":""},"class_list":["post-2378","page","type-page","status-publish","hentry"],"_links":{"self":[{"href":"https:\/\/great-shtern.46-30-124-30.plesk.page\/index.php?rest_route=\/wp\/v2\/pages\/2378","targetHints":{"allow":["GET"]}}],"collection":[{"href":"https:\/\/great-shtern.46-30-124-30.plesk.page\/index.php?rest_route=\/wp\/v2\/pages"}],"about":[{"href":"https:\/\/great-shtern.46-30-124-30.plesk.page\/index.php?rest_route=\/wp\/v2\/types\/page"}],"author":[{"embeddable":true,"href":"https:\/\/great-shtern.46-30-124-30.plesk.page\/index.php?rest_route=\/wp\/v2\/users\/4"}],"replies":[{"embeddable":true,"href":"https:\/\/great-shtern.46-30-124-30.plesk.page\/index.php?rest_route=%2Fwp%2Fv2%2Fcomments&post=2378"}],"version-history":[{"count":3,"href":"https:\/\/great-shtern.46-30-124-30.plesk.page\/index.php?rest_route=\/wp\/v2\/pages\/2378\/revisions"}],"predecessor-version":[{"id":2450,"href":"https:\/\/great-shtern.46-30-124-30.plesk.page\/index.php?rest_route=\/wp\/v2\/pages\/2378\/revisions\/2450"}],"up":[{"embeddable":true,"href":"https:\/\/great-shtern.46-30-124-30.plesk.page\/index.php?rest_route=\/wp\/v2\/pages\/1113"}],"wp:attachment":[{"href":"https:\/\/great-shtern.46-30-124-30.plesk.page\/index.php?rest_route=%2Fwp%2Fv2%2Fmedia&parent=2378"}],"curies":[{"name":"wp","href":"https:\/\/api.w.org\/{rel}","templated":true}]}}