{"id":2385,"date":"2026-03-13T13:56:49","date_gmt":"2026-03-13T11:56:49","guid":{"rendered":"https:\/\/great-shtern.46-30-124-30.plesk.page\/?page_id=2385"},"modified":"2026-04-11T20:02:02","modified_gmt":"2026-04-11T18:02:02","slug":"jette-springs-mindepokal","status":"publish","type":"page","link":"https:\/\/great-shtern.46-30-124-30.plesk.page\/?page_id=2385","title":{"rendered":"Jette Springs Mindepokal"},"content":{"rendered":"<p>Statut for Jette Springs Mindepokal<\/p>\n<p>1. Indstiftelse<br \/>\nJette Springs Mindepokal er indstiftet den 14. april 2024 af TIK Gymnastik. Pokalen er indstiftet til \u00e6re for instrukt\u00f8r Jette \u2019Spring\u2019 Hansen, der d\u00f8de den 6. december 2023. Jette blev instrukt\u00f8r i TIK Gymnastik i slutningen af 1990\u00b4erne og blev hurtigt frivillig cheftr\u00e6ner for springafdelingen og et mange\u00e5rigt medlem af bestyrelsen i TIK Gymnastik.<\/p>\n<p>Udover Jettes store engagement i springafdelingen, var Jette meget aktiv i andre aktiviteter i TIK, som fx TIK\u2019s Pokalfest og TIK\u2019s Klubhus. Samtidig var Jette altid iderig og var bl.a. med til opstart af TIK Funday og TIK Floorball.<\/p>\n<p>I alle \u00e5rene var Jette Spring motiveret af at udvikle b\u00f8rn og unges bev\u00e6gelsesgl\u00e6de og hun arbejdede altid aktivt for at fremme ungdoms- og idr\u00e6tslivet i H\u00f8je-Taastrup Kommune.<\/p>\n<p>2. Form\u00e5l<br \/>\nMindepokalens form\u00e5l er at anerkende \u00e9n eller flere personer for at have udf\u00f8rt en s\u00e6rlig stor prisv\u00e6rdig og p\u00e5sk\u00f8nnelsesv\u00e6rdig indsats i og for TIK Gymnastik. Det drejer sig om organisatoriske, administrative og\/eller ledelses- og instrukt\u00f8rm\u00e6ssige indsatser, samt sportslige pr\u00e6stationer i regi af TIK Gymnastik.<\/p>\n<p>3. Tildeling<br \/>\nTildeling af Jettes Springs Mindepokal sker almindeligvis i forbindelse med TIK Gymnastiks \u00e5rlige for\u00e5rsopvisning i Taastrup Idr\u00e6ts Center. Der er tale om en vandrepokal. Navnet p\u00e5 personen\/personerne, der f\u00e5r tildelt pokalen, indgraveres i denne. Med mindepokalen f\u00f8lger et bel\u00f8b doneret af Jettes mange\u00e5rige arbejdsgiver Spar Nord.<\/p>\n<p>4. Pokalstyrelse<br \/>\nMindepokalen bestyres af den til enhver tid siddende bestyrelse i TIK Gymnastik.<\/p>\n<p>Vedtaget i bestyrelsen i 2024<\/p>\n<p><img decoding=\"async\" class=\"alignnone size-medium wp-image-2444\" src=\"https:\/\/great-shtern.46-30-124-30.plesk.page\/wp-content\/uploads\/2026\/04\/image00026-273x300.jpeg\" alt=\"\" width=\"273\" height=\"300\" \/><\/p>\n<blockquote><p>Jette Spring har gjort indtryk og sat aftryk p\u00e5 TIK Gymnastik.<\/p><\/blockquote>\n","protected":false},"excerpt":{"rendered":"<p>Statut for Jette Springs Mindepokal 1. Indstiftelse Jette Springs Mindepokal er indstiftet den 14. april 2024 af TIK Gymnastik. Pokalen er indstiftet til \u00e6re for instrukt\u00f8r Jette \u2019Spring\u2019 Hansen, der d\u00f8de den 6. december 2023. Jette blev instrukt\u00f8r i TIK Gymnastik i slutningen af 1990\u00b4erne og blev hurtigt frivillig cheftr\u00e6ner for springafdelingen og et mange\u00e5rigt [&hellip;]<\/p>\n","protected":false},"author":4,"featured_media":0,"parent":1113,"menu_order":0,"comment_status":"closed","ping_status":"closed","template":"","meta":{"_et_pb_use_builder":"","_et_pb_old_content":"","_et_gb_content_width":"","footnotes":""},"class_list":["post-2385","page","type-page","status-publish","hentry"],"_links":{"self":[{"href":"https:\/\/great-shtern.46-30-124-30.plesk.page\/index.php?rest_route=\/wp\/v2\/pages\/2385","targetHints":{"allow":["GET"]}}],"collection":[{"href":"https:\/\/great-shtern.46-30-124-30.plesk.page\/index.php?rest_route=\/wp\/v2\/pages"}],"about":[{"href":"https:\/\/great-shtern.46-30-124-30.plesk.page\/index.php?rest_route=\/wp\/v2\/types\/page"}],"author":[{"embeddable":true,"href":"https:\/\/great-shtern.46-30-124-30.plesk.page\/index.php?rest_route=\/wp\/v2\/users\/4"}],"replies":[{"embeddable":true,"href":"https:\/\/great-shtern.46-30-124-30.plesk.page\/index.php?rest_route=%2Fwp%2Fv2%2Fcomments&post=2385"}],"version-history":[{"count":3,"href":"https:\/\/great-shtern.46-30-124-30.plesk.page\/index.php?rest_route=\/wp\/v2\/pages\/2385\/revisions"}],"predecessor-version":[{"id":2445,"href":"https:\/\/great-shtern.46-30-124-30.plesk.page\/index.php?rest_route=\/wp\/v2\/pages\/2385\/revisions\/2445"}],"up":[{"embeddable":true,"href":"https:\/\/great-shtern.46-30-124-30.plesk.page\/index.php?rest_route=\/wp\/v2\/pages\/1113"}],"wp:attachment":[{"href":"https:\/\/great-shtern.46-30-124-30.plesk.page\/index.php?rest_route=%2Fwp%2Fv2%2Fmedia&parent=2385"}],"curies":[{"name":"wp","href":"https:\/\/api.w.org\/{rel}","templated":true}]}}