{"id":2388,"date":"2026-03-13T13:56:56","date_gmt":"2026-03-13T11:56:56","guid":{"rendered":"https:\/\/great-shtern.46-30-124-30.plesk.page\/?page_id=2388"},"modified":"2026-04-11T20:04:49","modified_gmt":"2026-04-11T18:04:49","slug":"koeb-af-klubtoej","status":"publish","type":"page","link":"https:\/\/great-shtern.46-30-124-30.plesk.page\/?page_id=2388","title":{"rendered":"K\u00f8b af klubt\u00f8j"},"content":{"rendered":"<p>Du skal oprette en profil hos R\u00f8nde Ruby, f\u00f8r du bestiller t\u00f8j. Alle bestillinger foreg\u00e5r mellem dig som kunde og R\u00f8nde Ruby.<\/p>\n<p>Har du bestilt en vare med logo er der ingen returret. For andre varer har du 14 dages retur- \/ fortrydelsesret.<\/p>\n<p>N\u00e5r du bestiller en vare med logo, vil der blive samlet ordrer sammen i l\u00f8bet af en 14 dages periode fra TIK Gymnastik. Du kan derfor ikke forvente dag til dag-levering, n\u00e5r det g\u00e6lder en vare med logo. Priser er inkl. logo, der hvor logo er vist. Oven i varens pris l\u00e6gges fragt. Derfor kan man med fordel g\u00e5 flere sammen om at bestille TIK klub t\u00f8j.<\/p>\n<p><a href=\"https:\/\/www.rrtryk.dk\/skole____foreningsaftaler_tik-c-127_131.html\">K\u00f8b klubt\u00f8j hos R\u00f8nde Ruby<\/a><\/p>\n","protected":false},"excerpt":{"rendered":"<p>Du skal oprette en profil hos R\u00f8nde Ruby, f\u00f8r du bestiller t\u00f8j. Alle bestillinger foreg\u00e5r mellem dig som kunde og R\u00f8nde Ruby. Har du bestilt en vare med logo er der ingen returret. For andre varer har du 14 dages retur- \/ fortrydelsesret. N\u00e5r du bestiller en vare med logo, vil der blive samlet ordrer [&hellip;]<\/p>\n","protected":false},"author":4,"featured_media":0,"parent":1113,"menu_order":0,"comment_status":"closed","ping_status":"closed","template":"","meta":{"_et_pb_use_builder":"","_et_pb_old_content":"","_et_gb_content_width":"","footnotes":""},"class_list":["post-2388","page","type-page","status-publish","hentry"],"_links":{"self":[{"href":"https:\/\/great-shtern.46-30-124-30.plesk.page\/index.php?rest_route=\/wp\/v2\/pages\/2388","targetHints":{"allow":["GET"]}}],"collection":[{"href":"https:\/\/great-shtern.46-30-124-30.plesk.page\/index.php?rest_route=\/wp\/v2\/pages"}],"about":[{"href":"https:\/\/great-shtern.46-30-124-30.plesk.page\/index.php?rest_route=\/wp\/v2\/types\/page"}],"author":[{"embeddable":true,"href":"https:\/\/great-shtern.46-30-124-30.plesk.page\/index.php?rest_route=\/wp\/v2\/users\/4"}],"replies":[{"embeddable":true,"href":"https:\/\/great-shtern.46-30-124-30.plesk.page\/index.php?rest_route=%2Fwp%2Fv2%2Fcomments&post=2388"}],"version-history":[{"count":3,"href":"https:\/\/great-shtern.46-30-124-30.plesk.page\/index.php?rest_route=\/wp\/v2\/pages\/2388\/revisions"}],"predecessor-version":[{"id":2447,"href":"https:\/\/great-shtern.46-30-124-30.plesk.page\/index.php?rest_route=\/wp\/v2\/pages\/2388\/revisions\/2447"}],"up":[{"embeddable":true,"href":"https:\/\/great-shtern.46-30-124-30.plesk.page\/index.php?rest_route=\/wp\/v2\/pages\/1113"}],"wp:attachment":[{"href":"https:\/\/great-shtern.46-30-124-30.plesk.page\/index.php?rest_route=%2Fwp%2Fv2%2Fmedia&parent=2388"}],"curies":[{"name":"wp","href":"https:\/\/api.w.org\/{rel}","templated":true}]}}