{"id":2392,"date":"2026-03-13T13:58:00","date_gmt":"2026-03-13T11:58:00","guid":{"rendered":"https:\/\/great-shtern.46-30-124-30.plesk.page\/?page_id=2392"},"modified":"2026-04-11T20:17:11","modified_gmt":"2026-04-11T18:17:11","slug":"instruktoerer","status":"publish","type":"page","link":"https:\/\/great-shtern.46-30-124-30.plesk.page\/?page_id=2392","title":{"rendered":"Instrukt\u00f8rer"},"content":{"rendered":"<h4>Ingen forening uden frivillige ildsj\u00e6le. Vores instrukt\u00f8rer er helt almindelige mennesker, der g\u00f8r en ualmindelig stor forskel i TIK Gymnastik.<\/h4>\n<div class=\"employee-list\" ><article class=\"employee-item\"><div class=\"employee-image\"><img decoding=\"async\" width=\"233\" height=\"300\" src=\"https:\/\/great-shtern.46-30-124-30.plesk.page\/wp-content\/uploads\/2025\/08\/Marlene-797x1024-1-233x300.jpg\" class=\"attachment-medium size-medium wp-post-image\" alt=\"\" loading=\"lazy\" \/><\/div><div class=\"employee-details\"><h3 class=\"employee-name\"><strong>Marlene Fleischer<\/strong><\/h3><p class=\"employee-title\">Formand<\/p><p class=\"employee-contact\"><strong>E:<\/strong> <a href=\"mailto:m&#097;rle&#110;&#101;&#064;&#107;li&#107;&#101;&#046;&#100;k\">m&#097;rle&#110;&#101;&#064;&#107;li&#107;&#101;&#046;&#100;k<\/a><\/p><\/div><\/article><article class=\"employee-item\"><div class=\"employee-image\"><img decoding=\"async\" width=\"218\" height=\"300\" src=\"https:\/\/great-shtern.46-30-124-30.plesk.page\/wp-content\/uploads\/2025\/08\/Mari-Louise-743x1024-1-218x300.jpeg\" class=\"attachment-medium size-medium wp-post-image\" alt=\"\" loading=\"lazy\" \/><\/div><div class=\"employee-details\"><h3 class=\"employee-name\"><strong>Mari Louise Wiederquist<\/strong><\/h3><p class=\"employee-title\">N\u00e6stformand<\/p><p class=\"employee-contact\"><strong>E:<\/strong> <a href=\"mailto:&#109;ari.&#108;o&#117;ise&#046;w&#105;e&#100;er&#113;&#117;i&#115;t&#064;&#103;&#109;ail&#046;&#099;&#111;&#109;\">&#109;ari.&#108;o&#117;ise&#046;w&#105;e&#100;er&#113;&#117;i&#115;t&#064;&#103;&#109;ail&#046;&#099;&#111;&#109;<\/a><\/p><\/div><\/article><article class=\"employee-item\"><div class=\"employee-image\"><img decoding=\"async\" width=\"278\" height=\"300\" src=\"https:\/\/great-shtern.46-30-124-30.plesk.page\/wp-content\/uploads\/2025\/08\/Jette-278x300-1.jpg\" class=\"attachment-medium size-medium wp-post-image\" alt=\"\" loading=\"lazy\" \/><\/div><div class=\"employee-details\"><h3 class=\"employee-name\"><strong>Jette Poder<\/strong><\/h3><p class=\"employee-title\">Sekret\u00e6r<\/p><p class=\"employee-contact\"><strong>E:<\/strong> <a href=\"mailto:&#106;ette.&#112;o&#100;&#101;r&#064;mail&#046;&#100;k\">&#106;ette.&#112;o&#100;&#101;r&#064;mail&#046;&#100;k<\/a><\/p><\/div><\/article><article class=\"employee-item\"><div class=\"employee-image\"><img decoding=\"async\" width=\"243\" height=\"300\" src=\"https:\/\/great-shtern.46-30-124-30.plesk.page\/wp-content\/uploads\/2025\/08\/Lykke-243x300-1.jpg\" class=\"attachment-medium size-medium wp-post-image\" alt=\"\" loading=\"lazy\" \/><\/div><div class=\"employee-details\"><h3 class=\"employee-name\"><strong>Lykke Daugaard Madsen<\/strong><\/h3><p class=\"employee-title\">Kasserer<\/p><p class=\"employee-contact\"><strong>E:<\/strong> <a href=\"mailto:&#108;&#121;kke.d&#097;u&#103;aar&#100;&#064;ho&#116;m&#097;&#105;&#108;.co&#109;\">&#108;&#121;kke.d&#097;u&#103;aar&#100;&#064;ho&#116;m&#097;&#105;&#108;.co&#109;<\/a><\/p><\/div><\/article><article class=\"employee-item\"><div class=\"employee-image\"><img decoding=\"async\" width=\"240\" height=\"300\" src=\"https:\/\/great-shtern.46-30-124-30.plesk.page\/wp-content\/uploads\/2026\/04\/Design-uden-navn-30-240x300.png\" class=\"attachment-medium size-medium wp-post-image\" alt=\"\" loading=\"lazy\" \/><\/div><div class=\"employee-details\"><h3 class=\"employee-name\"><strong>Berit Haagen Nielsen<\/strong><\/h3><p class=\"employee-title\">Bestyrelsesmedlem<\/p><p class=\"employee-contact\"><strong>E:<\/strong> <a href=\"mailto:&#098;e&#114;&#105;&#116;sp&#114;i&#110;&#103;&#064;&#103;&#109;ail.c&#111;m\">&#098;e&#114;&#105;&#116;sp&#114;i&#110;&#103;&#064;&#103;&#109;ail.c&#111;m<\/a><\/p><\/div><\/article><article class=\"employee-item\"><div class=\"employee-image\"><img decoding=\"async\" width=\"240\" height=\"300\" src=\"https:\/\/great-shtern.46-30-124-30.plesk.page\/wp-content\/uploads\/2026\/04\/Design-uden-navn-29-240x300.png\" class=\"attachment-medium size-medium wp-post-image\" alt=\"\" loading=\"lazy\" \/><\/div><div class=\"employee-details\"><h3 class=\"employee-name\"><strong>Camilla Th\u00f8gersen<\/strong><\/h3><p class=\"employee-title\">Bestyrelsesmedlem<\/p><p class=\"employee-contact\"><strong>E:<\/strong> <a href=\"mailto:c&#097;m&#105;&#108;l&#097;&#064;&#116;&#120;4&#046;d&#107;\">c&#097;m&#105;&#108;l&#097;&#064;&#116;&#120;4&#046;d&#107;<\/a><\/p><\/div><\/article><article class=\"employee-item\"><div class=\"employee-image\"><img decoding=\"async\" width=\"245\" height=\"300\" src=\"https:\/\/great-shtern.46-30-124-30.plesk.page\/wp-content\/uploads\/2026\/04\/Louise-245x300-1.jpg\" class=\"attachment-medium size-medium wp-post-image\" alt=\"\" loading=\"lazy\" \/><\/div><div class=\"employee-details\"><h3 class=\"employee-name\"><strong>Louise J\u00f8rgensen<\/strong><\/h3><p class=\"employee-title\">Suppleant<\/p><p class=\"employee-contact\"><strong>E:<\/strong> <a href=\"mailto:&#108;&#111;jr9&#049;&#064;gma&#105;l.&#099;&#111;m\">&#108;&#111;jr9&#049;&#064;gma&#105;l.&#099;&#111;m<\/a><\/p><\/div><\/article><article class=\"employee-item\"><div class=\"employee-image\"><img decoding=\"async\" width=\"219\" height=\"300\" src=\"https:\/\/great-shtern.46-30-124-30.plesk.page\/wp-content\/uploads\/2026\/04\/Tine-219x300-1.jpeg\" class=\"attachment-medium size-medium wp-post-image\" alt=\"\" loading=\"lazy\" \/><\/div><div class=\"employee-details\"><h3 class=\"employee-name\"><strong>Tine Larsen<\/strong><\/h3><p class=\"employee-title\">Suppleant<\/p><p class=\"employee-contact\"><strong>E:<\/strong> <a href=\"mailto:&#112;r&#105;va&#116;&#064;at&#105;&#110;e.dk\">&#112;r&#105;va&#116;&#064;at&#105;&#110;e.dk<\/a><\/p><\/div><\/article><\/div>\n","protected":false},"excerpt":{"rendered":"<p>Ingen forening uden frivillige ildsj\u00e6le. Vores instrukt\u00f8rer er helt almindelige mennesker, der g\u00f8r en ualmindelig stor forskel i TIK Gymnastik.<\/p>\n","protected":false},"author":4,"featured_media":0,"parent":242,"menu_order":0,"comment_status":"closed","ping_status":"closed","template":"","meta":{"_et_pb_use_builder":"","_et_pb_old_content":"","_et_gb_content_width":"","footnotes":""},"class_list":["post-2392","page","type-page","status-publish","hentry"],"_links":{"self":[{"href":"https:\/\/great-shtern.46-30-124-30.plesk.page\/index.php?rest_route=\/wp\/v2\/pages\/2392","targetHints":{"allow":["GET"]}}],"collection":[{"href":"https:\/\/great-shtern.46-30-124-30.plesk.page\/index.php?rest_route=\/wp\/v2\/pages"}],"about":[{"href":"https:\/\/great-shtern.46-30-124-30.plesk.page\/index.php?rest_route=\/wp\/v2\/types\/page"}],"author":[{"embeddable":true,"href":"https:\/\/great-shtern.46-30-124-30.plesk.page\/index.php?rest_route=\/wp\/v2\/users\/4"}],"replies":[{"embeddable":true,"href":"https:\/\/great-shtern.46-30-124-30.plesk.page\/index.php?rest_route=%2Fwp%2Fv2%2Fcomments&post=2392"}],"version-history":[{"count":3,"href":"https:\/\/great-shtern.46-30-124-30.plesk.page\/index.php?rest_route=\/wp\/v2\/pages\/2392\/revisions"}],"predecessor-version":[{"id":2451,"href":"https:\/\/great-shtern.46-30-124-30.plesk.page\/index.php?rest_route=\/wp\/v2\/pages\/2392\/revisions\/2451"}],"up":[{"embeddable":true,"href":"https:\/\/great-shtern.46-30-124-30.plesk.page\/index.php?rest_route=\/wp\/v2\/pages\/242"}],"wp:attachment":[{"href":"https:\/\/great-shtern.46-30-124-30.plesk.page\/index.php?rest_route=%2Fwp%2Fv2%2Fmedia&parent=2392"}],"curies":[{"name":"wp","href":"https:\/\/api.w.org\/{rel}","templated":true}]}}