{"id":2454,"date":"2026-04-11T20:22:09","date_gmt":"2026-04-11T18:22:09","guid":{"rendered":"https:\/\/great-shtern.46-30-124-30.plesk.page\/?page_id=2454"},"modified":"2026-05-05T11:57:23","modified_gmt":"2026-05-05T09:57:23","slug":"dine-medlemsoplysninger","status":"publish","type":"page","link":"https:\/\/great-shtern.46-30-124-30.plesk.page\/?page_id=2454","title":{"rendered":"Dine medlemsoplysninger"},"content":{"rendered":"<header class=\"entry-header\">\n<h1 class=\"entry-title\">Dine medlemsoplysninger<\/h1>\n<\/header>\n<div class=\"entry-content\">\n<p class=\"wp-block-paragraph\">Hvis du flytter eller m\u00e5ske \u00e6ndrer mailadresse, s\u00e5 vil vi gerne vide det, s\u00e5 du fortsat kan modtage orienteringer fra dit hold.<\/p>\n<p class=\"wp-block-paragraph\"><a href=\"https:\/\/www.conventus.dk\/medlemslogin\/index.php?forening=8905\">\u00c6ndre medlemsoplysninger<\/a><\/p>\n<\/div>\n","protected":false},"excerpt":{"rendered":"<p>Dine medlemsoplysninger Hvis du flytter eller m\u00e5ske \u00e6ndrer mailadresse, s\u00e5 vil vi gerne vide det, s\u00e5 du fortsat kan modtage orienteringer fra dit hold. \u00c6ndre medlemsoplysninger<\/p>\n","protected":false},"author":5,"featured_media":2611,"parent":0,"menu_order":0,"comment_status":"closed","ping_status":"closed","template":"","meta":{"_et_pb_use_builder":"","_et_pb_old_content":"","_et_gb_content_width":"","footnotes":""},"class_list":["post-2454","page","type-page","status-publish","has-post-thumbnail","hentry"],"_links":{"self":[{"href":"https:\/\/great-shtern.46-30-124-30.plesk.page\/index.php?rest_route=\/wp\/v2\/pages\/2454","targetHints":{"allow":["GET"]}}],"collection":[{"href":"https:\/\/great-shtern.46-30-124-30.plesk.page\/index.php?rest_route=\/wp\/v2\/pages"}],"about":[{"href":"https:\/\/great-shtern.46-30-124-30.plesk.page\/index.php?rest_route=\/wp\/v2\/types\/page"}],"author":[{"embeddable":true,"href":"https:\/\/great-shtern.46-30-124-30.plesk.page\/index.php?rest_route=\/wp\/v2\/users\/5"}],"replies":[{"embeddable":true,"href":"https:\/\/great-shtern.46-30-124-30.plesk.page\/index.php?rest_route=%2Fwp%2Fv2%2Fcomments&post=2454"}],"version-history":[{"count":1,"href":"https:\/\/great-shtern.46-30-124-30.plesk.page\/index.php?rest_route=\/wp\/v2\/pages\/2454\/revisions"}],"predecessor-version":[{"id":2456,"href":"https:\/\/great-shtern.46-30-124-30.plesk.page\/index.php?rest_route=\/wp\/v2\/pages\/2454\/revisions\/2456"}],"wp:featuredmedia":[{"embeddable":true,"href":"https:\/\/great-shtern.46-30-124-30.plesk.page\/index.php?rest_route=\/wp\/v2\/media\/2611"}],"wp:attachment":[{"href":"https:\/\/great-shtern.46-30-124-30.plesk.page\/index.php?rest_route=%2Fwp%2Fv2%2Fmedia&parent=2454"}],"curies":[{"name":"wp","href":"https:\/\/api.w.org\/{rel}","templated":true}]}}