{"id":26,"date":"2023-09-22T20:05:16","date_gmt":"2023-09-22T18:05:16","guid":{"rendered":"https:\/\/great-shtern.46-30-124-30.plesk.page\/?page_id=26"},"modified":"2026-05-05T14:46:05","modified_gmt":"2026-05-05T12:46:05","slug":"forsiden","status":"publish","type":"page","link":"https:\/\/great-shtern.46-30-124-30.plesk.page\/","title":{"rendered":"Sundere, sjovere, st\u00e6rkere, sammen"},"content":{"rendered":"<p>Vi gl\u00e6der os til at byde dig velkommen i vores f\u00e6llesskab med tr\u00e6ning for alle aldre<\/p>\n","protected":false},"excerpt":{"rendered":"<p>Vi gl\u00e6der os til at byde dig velkommen i vores f\u00e6llesskab med tr\u00e6ning for alle aldre<\/p>\n","protected":false},"author":4,"featured_media":2665,"parent":0,"menu_order":0,"comment_status":"closed","ping_status":"closed","template":"","meta":{"_et_pb_use_builder":"off","_et_pb_old_content":"","_et_gb_content_width":"","footnotes":""},"class_list":["post-26","page","type-page","status-publish","has-post-thumbnail","hentry"],"_links":{"self":[{"href":"https:\/\/great-shtern.46-30-124-30.plesk.page\/index.php?rest_route=\/wp\/v2\/pages\/26","targetHints":{"allow":["GET"]}}],"collection":[{"href":"https:\/\/great-shtern.46-30-124-30.plesk.page\/index.php?rest_route=\/wp\/v2\/pages"}],"about":[{"href":"https:\/\/great-shtern.46-30-124-30.plesk.page\/index.php?rest_route=\/wp\/v2\/types\/page"}],"author":[{"embeddable":true,"href":"https:\/\/great-shtern.46-30-124-30.plesk.page\/index.php?rest_route=\/wp\/v2\/users\/4"}],"replies":[{"embeddable":true,"href":"https:\/\/great-shtern.46-30-124-30.plesk.page\/index.php?rest_route=%2Fwp%2Fv2%2Fcomments&post=26"}],"version-history":[{"count":16,"href":"https:\/\/great-shtern.46-30-124-30.plesk.page\/index.php?rest_route=\/wp\/v2\/pages\/26\/revisions"}],"predecessor-version":[{"id":2605,"href":"https:\/\/great-shtern.46-30-124-30.plesk.page\/index.php?rest_route=\/wp\/v2\/pages\/26\/revisions\/2605"}],"wp:featuredmedia":[{"embeddable":true,"href":"https:\/\/great-shtern.46-30-124-30.plesk.page\/index.php?rest_route=\/wp\/v2\/media\/2665"}],"wp:attachment":[{"href":"https:\/\/great-shtern.46-30-124-30.plesk.page\/index.php?rest_route=%2Fwp%2Fv2%2Fmedia&parent=26"}],"curies":[{"name":"wp","href":"https:\/\/api.w.org\/{rel}","templated":true}]}}