{"id":398,"date":"2023-09-28T13:04:10","date_gmt":"2023-09-28T11:04:10","guid":{"rendered":"https:\/\/great-shtern.46-30-124-30.plesk.page\/?page_id=398"},"modified":"2026-05-05T11:56:29","modified_gmt":"2026-05-05T09:56:29","slug":"holdoversigt","status":"publish","type":"page","link":"https:\/\/great-shtern.46-30-124-30.plesk.page\/?page_id=398","title":{"rendered":"Holdoversigt"},"content":{"rendered":"<section class=\"text-token-text-primary w-full focus:outline-none [--shadow-height:45px] has-data-writing-block:pointer-events-none has-data-writing-block:-mt-(--shadow-height) has-data-writing-block:pt-(--shadow-height) [&amp;:has([data-writing-block])&gt;*]:pointer-events-auto [content-visibility:auto] supports-[content-visibility:auto]:[contain-intrinsic-size:auto_100lvh] R6Vx5W_threadScrollVars scroll-mb-[calc(var(--scroll-root-safe-area-inset-bottom,0px)+var(--thread-response-height))] scroll-mt-[calc(var(--header-height)+min(200px,max(70px,20svh)))]\" dir=\"auto\" data-turn-id=\"request-WEB:50624022-23a5-438e-b3a1-34be0bc6afd0-10\" data-testid=\"conversation-turn-22\" data-scroll-anchor=\"false\" data-turn=\"assistant\">\n<div class=\"text-base my-auto mx-auto pb-10 [--thread-content-margin:var(--thread-content-margin-xs,calc(var(--spacing)*4))] @w-sm\/main:[--thread-content-margin:var(--thread-content-margin-sm,calc(var(--spacing)*6))] @w-lg\/main:[--thread-content-margin:var(--thread-content-margin-lg,calc(var(--spacing)*16))] px-(--thread-content-margin)\">\n<div class=\"[--thread-content-max-width:40rem] @w-lg\/main:[--thread-content-max-width:48rem] mx-auto max-w-(--thread-content-max-width) flex-1 group\/turn-messages focus-visible:outline-hidden relative flex w-full min-w-0 flex-col agent-turn\">\n<div class=\"flex max-w-full flex-col gap-4 grow\">\n<div class=\"min-h-8 text-message relative flex w-full flex-col items-end gap-2 text-start break-words whitespace-normal outline-none keyboard-focused:focus-ring [.text-message+&amp;]:mt-1\" dir=\"auto\" tabindex=\"0\" data-message-author-role=\"assistant\" data-message-id=\"f25afa6a-dc0d-4905-b587-1bc1b484d4d4\" data-message-model-slug=\"gpt-5-3-mini\" data-turn-start-message=\"true\">\n<div class=\"flex w-full flex-col gap-1 empty:hidden\">\n<div class=\"markdown prose dark:prose-invert w-full wrap-break-word light markdown-new-styling\">\n<p data-start=\"0\" data-end=\"122\">Hos TIK Gymnastik tilbyder vi tr\u00e6ning og gymnastik for hele livet \u2013 fra de f\u00f8rste bev\u00e6gelser til m\u00e5lrettet voksen tr\u00e6ning. Hos os finder du hold for b\u00f8rn og voksne i alle aldre og p\u00e5 alle niveauer. Vi skaber rammer, hvor bev\u00e6gelse, f\u00e6llesskab og udvikling g\u00e5r h\u00e5nd i h\u00e5nd.<\/p>\n<h3 data-section-id=\"168eies\" data-start=\"272\" data-end=\"317\">Gymnastik og bev\u00e6gelse for b\u00f8rn og unge<\/h3>\n<p data-start=\"318\" data-end=\"584\">Vi tilbyder b\u00e5de hold med og uden voksne. De yngste tr\u00e6ner sammen med en voksen og f\u00e5r en tryg start med leg og motorik. B\u00f8rn og unge uden voksne arbejder videre med springgymnastik, rytmisk gymnastik (RSG) og bev\u00e6gelse, hvor teknik, styrke og f\u00e6llesskab er i fokus.<\/p>\n<h3 data-section-id=\"1jj62cs\" data-start=\"586\" data-end=\"619\">Tr\u00e6ning f\u00f8r og efter f\u00f8dsel<\/h3>\n<p data-start=\"620\" data-end=\"798\">Vi tilbyder b\u00e5de tr\u00e6ning for gravide og efterf\u00f8dselshold. Her er fokus p\u00e5 en st\u00e6rk og sk\u00e5nsom krop, samtidig med at baby inddrages og f\u00e5r stimuleret motorik gennem leg og n\u00e6rv\u00e6r.<\/p>\n<h3 data-section-id=\"1d9aux8\" data-start=\"800\" data-end=\"837\">Motion og f\u00e6llesskab for voksne<\/h3>\n<p data-start=\"838\" data-end=\"1045\">Vores voksenhold k\u00f8rer fem dage om ugen morgen, middag og aften. Du kan fx v\u00e6lge mellem yoga, reformer, funktionel tr\u00e6ning, gymnastik og motionsfloorball. Her f\u00e5r du b\u00e5de energi, styrke og et aktivt f\u00e6llesskab.<\/p>\n<p data-start=\"1047\" data-end=\"1190\" data-is-last-node=\"\" data-is-only-node=\"\">Hos TIK Gymnastik er der plads til alle, uanset alder og niveau. Vi \u00e5bner l\u00f8bende nye hold og skaber rammerne for en aktiv hverdag i bev\u00e6gelse.<\/p>\n<\/div>\n<\/div>\n<\/div>\n<\/div>\n<div class=\"z-0 flex min-h-[46px] justify-start\"><\/div>\n<div class=\"mt-3 w-full empty:hidden\">\n<div class=\"text-center\"><\/div>\n<\/div>\n<\/div>\n<\/div>\n<\/section>\n<div class=\"pointer-events-none -mt-px h-px translate-y-[calc(var(--scroll-root-safe-area-inset-bottom)-14*var(--spacing))]\" aria-hidden=\"true\"><\/div>\n<p>&nbsp;<\/p>\n<p>&nbsp;<\/p>\n<script type=\"text\/javascript\" src=\"https:\/\/www.conventus.dk\/dataudv\/www\/holdoversigt_ny.php?foreningsid=8905&#038;afdelingsid=0&#038;handelsbetingelser=1&#038;reservationer=vis&#038;skjul_nyt_medlem=0&#038;skjul_allerede_medlem=0&#038;raekkefoelge=alfabetisk&#038;vis_adresse=0&#038;knap_placering=horisontal&#038;highlight=pris&#038;start=periode;ledige_pladser&#038;info=tid_sted;alder;betaling;tilmelding;tilmeld_aabner_om;ledere;om_holdet&#038;sprog=auto\"><\/script>\n<div class=\"ccms-table-menu\" style=\"display: none;\"><button style=\"background: #FFF !important; color: #000 !important;\" data-act=\"row-before\">Inds\u00e6t r\u00e6kke over<\/button><button style=\"background: #FFF !important; color: #000 !important;\" data-act=\"row-after\">Inds\u00e6t r\u00e6kke under<\/button><button style=\"background: #FFF !important; color: #000 !important;\" data-act=\"col-before\">Inds\u00e6t kolonne f\u00f8r<\/button><button style=\"background: #FFF !important; color: #000 !important;\" data-act=\"col-after\">Inds\u00e6t kolonne efter<\/button><button style=\"background: #FFF !important; color: #000 !important;\" data-act=\"row-del\">Slet r\u00e6kke<\/button><button style=\"background: #FFF !important; color: #000 !important;\" data-act=\"col-del\">Slet kolonne<\/button><\/div>\n<div class=\"ccms-table-menu\" style=\"display: none;\"><button style=\"background: #FFF !important; color: #000 !important;\" data-act=\"row-before\">Inds\u00e6t r\u00e6kke over<\/button><button style=\"background: #FFF !important; color: #000 !important;\" data-act=\"row-after\">Inds\u00e6t r\u00e6kke under<\/button><button style=\"background: #FFF !important; color: #000 !important;\" data-act=\"col-before\">Inds\u00e6t kolonne f\u00f8r<\/button><button style=\"background: #FFF !important; color: #000 !important;\" data-act=\"col-after\">Inds\u00e6t kolonne efter<\/button><button style=\"background: #FFF !important; color: #000 !important;\" data-act=\"row-del\">Slet r\u00e6kke<\/button><button style=\"background: #FFF !important; color: #000 !important;\" data-act=\"col-del\">Slet kolonne<\/button><\/div>\n<div class=\"ccms-table-menu\" style=\"display: none;\"><button style=\"background: #FFF !important; color: #000 !important;\" data-act=\"row-before\">Inds\u00e6t r\u00e6kke over<\/button><button style=\"background: #FFF !important; color: #000 !important;\" data-act=\"row-after\">Inds\u00e6t r\u00e6kke under<\/button><button style=\"background: #FFF !important; color: #000 !important;\" data-act=\"col-before\">Inds\u00e6t kolonne f\u00f8r<\/button><button style=\"background: #FFF !important; color: #000 !important;\" data-act=\"col-after\">Inds\u00e6t kolonne efter<\/button><button style=\"background: #FFF !important; color: #000 !important;\" data-act=\"row-del\">Slet r\u00e6kke<\/button><button style=\"background: #FFF !important; color: #000 !important;\" data-act=\"col-del\">Slet kolonne<\/button><\/div>\n<div class=\"ccms-table-menu\" style=\"display: none;\"><button style=\"background: #FFF !important; color: #000 !important;\" data-act=\"row-before\">Inds\u00e6t r\u00e6kke over<\/button><button style=\"background: #FFF !important; color: #000 !important;\" data-act=\"row-after\">Inds\u00e6t r\u00e6kke under<\/button><button style=\"background: #FFF !important; color: #000 !important;\" data-act=\"col-before\">Inds\u00e6t kolonne f\u00f8r<\/button><button style=\"background: #FFF !important; color: #000 !important;\" data-act=\"col-after\">Inds\u00e6t kolonne efter<\/button><button style=\"background: #FFF !important; color: #000 !important;\" data-act=\"row-del\">Slet r\u00e6kke<\/button><button style=\"background: #FFF !important; color: #000 !important;\" data-act=\"col-del\">Slet kolonne<\/button><\/div>\n<div class=\"ccms-table-menu\" style=\"display: none;\"><button style=\"background: #FFF !important; color: #000 !important;\" data-act=\"row-before\">Inds\u00e6t r\u00e6kke over<\/button><button style=\"background: #FFF !important; color: #000 !important;\" data-act=\"row-after\">Inds\u00e6t r\u00e6kke under<\/button><button style=\"background: #FFF !important; color: #000 !important;\" data-act=\"col-before\">Inds\u00e6t kolonne f\u00f8r<\/button><button style=\"background: #FFF !important; color: #000 !important;\" data-act=\"col-after\">Inds\u00e6t kolonne efter<\/button><button style=\"background: #FFF !important; color: #000 !important;\" data-act=\"row-del\">Slet r\u00e6kke<\/button><button style=\"background: #FFF !important; color: #000 !important;\" data-act=\"col-del\">Slet kolonne<\/button><\/div>\n<div class=\"ccms-table-menu\" style=\"display: none;\"><button style=\"background: #FFF !important; color: #000 !important;\" data-act=\"row-before\">Inds\u00e6t r\u00e6kke over<\/button><button style=\"background: #FFF !important; color: #000 !important;\" data-act=\"row-after\">Inds\u00e6t r\u00e6kke under<\/button><button style=\"background: #FFF !important; color: #000 !important;\" data-act=\"col-before\">Inds\u00e6t kolonne f\u00f8r<\/button><button style=\"background: #FFF !important; color: #000 !important;\" data-act=\"col-after\">Inds\u00e6t kolonne efter<\/button><button style=\"background: #FFF !important; color: #000 !important;\" data-act=\"row-del\">Slet r\u00e6kke<\/button><button style=\"background: #FFF !important; color: #000 !important;\" data-act=\"col-del\">Slet kolonne<\/button><\/div>\n<div class=\"ccms-table-menu\" style=\"display: none;\"><button style=\"background: #FFF !important; color: #000 !important;\" data-act=\"row-before\">Inds\u00e6t r\u00e6kke over<\/button><button style=\"background: #FFF !important; color: #000 !important;\" data-act=\"row-after\">Inds\u00e6t r\u00e6kke under<\/button><button style=\"background: #FFF !important; color: #000 !important;\" data-act=\"col-before\">Inds\u00e6t kolonne f\u00f8r<\/button><button style=\"background: #FFF !important; color: #000 !important;\" data-act=\"col-after\">Inds\u00e6t kolonne efter<\/button><button style=\"background: #FFF !important; color: #000 !important;\" data-act=\"row-del\">Slet r\u00e6kke<\/button><button style=\"background: #FFF !important; color: #000 !important;\" data-act=\"col-del\">Slet kolonne<\/button><\/div>\n<div class=\"ccms-table-menu\" style=\"display: none;\"><button style=\"background: #FFF !important; color: #000 !important;\" data-act=\"row-before\">Inds\u00e6t r\u00e6kke over<\/button><button style=\"background: #FFF !important; color: #000 !important;\" data-act=\"row-after\">Inds\u00e6t r\u00e6kke under<\/button><button style=\"background: #FFF !important; color: #000 !important;\" data-act=\"col-before\">Inds\u00e6t kolonne f\u00f8r<\/button><button style=\"background: #FFF !important; color: #000 !important;\" data-act=\"col-after\">Inds\u00e6t kolonne efter<\/button><button style=\"background: #FFF !important; color: #000 !important;\" data-act=\"row-del\">Slet r\u00e6kke<\/button><button style=\"background: #FFF !important; color: #000 !important;\" data-act=\"col-del\">Slet kolonne<\/button><\/div>\n<div class=\"ccms-table-menu\" style=\"display: none;\"><button style=\"background: #FFF !important; color: #000 !important;\" data-act=\"row-before\">Inds\u00e6t r\u00e6kke over<\/button><button style=\"background: #FFF !important; color: #000 !important;\" data-act=\"row-after\">Inds\u00e6t r\u00e6kke under<\/button><button style=\"background: #FFF !important; color: #000 !important;\" data-act=\"col-before\">Inds\u00e6t kolonne f\u00f8r<\/button><button style=\"background: #FFF !important; color: #000 !important;\" data-act=\"col-after\">Inds\u00e6t kolonne efter<\/button><button style=\"background: #FFF !important; color: #000 !important;\" data-act=\"row-del\">Slet r\u00e6kke<\/button><button style=\"background: #FFF !important; color: #000 !important;\" data-act=\"col-del\">Slet kolonne<\/button><\/div>\n<div class=\"ccms-table-menu\" style=\"display: none;\"><button style=\"background: #FFF !important; color: #000 !important;\" data-act=\"row-before\">Inds\u00e6t r\u00e6kke over<\/button><button style=\"background: #FFF !important; color: #000 !important;\" data-act=\"row-after\">Inds\u00e6t r\u00e6kke under<\/button><button style=\"background: #FFF !important; color: #000 !important;\" data-act=\"col-before\">Inds\u00e6t kolonne f\u00f8r<\/button><button style=\"background: #FFF !important; color: #000 !important;\" data-act=\"col-after\">Inds\u00e6t kolonne efter<\/button><button style=\"background: #FFF !important; color: #000 !important;\" data-act=\"row-del\">Slet r\u00e6kke<\/button><button style=\"background: #FFF !important; color: #000 !important;\" data-act=\"col-del\">Slet kolonne<\/button><\/div>\n<div class=\"ccms-table-menu\" style=\"display: none; left: 141px; top: 259px;\"><button style=\"background: #FFF !important; color: #000 !important;\" data-act=\"row-before\">Inds\u00e6t r\u00e6kke over<\/button><button style=\"background: #FFF !important; color: #000 !important;\" data-act=\"row-after\">Inds\u00e6t r\u00e6kke under<\/button><button style=\"background: #FFF !important; color: #000 !important;\" data-act=\"col-before\">Inds\u00e6t kolonne f\u00f8r<\/button><button style=\"background: #FFF !important; color: #000 !important;\" data-act=\"col-after\">Inds\u00e6t kolonne efter<\/button><button style=\"background: #FFF !important; color: #000 !important;\" data-act=\"row-del\">Slet r\u00e6kke<\/button><button style=\"background: #FFF !important; color: #000 !important;\" data-act=\"col-del\">Slet kolonne<\/button><\/div>\n<div class=\"ccms-table-menu\" style=\"display: none;\"><button style=\"background: #FFF !important; color: #000 !important;\" data-act=\"row-before\">Inds\u00e6t r\u00e6kke over<\/button><button style=\"background: #FFF !important; color: #000 !important;\" data-act=\"row-after\">Inds\u00e6t r\u00e6kke under<\/button><button style=\"background: #FFF !important; color: #000 !important;\" data-act=\"col-before\">Inds\u00e6t kolonne f\u00f8r<\/button><button style=\"background: #FFF !important; color: #000 !important;\" data-act=\"col-after\">Inds\u00e6t kolonne efter<\/button><button style=\"background: #FFF !important; color: #000 !important;\" data-act=\"row-del\">Slet r\u00e6kke<\/button><button style=\"background: #FFF !important; color: #000 !important;\" data-act=\"col-del\">Slet kolonne<\/button><\/div>\n<div class=\"ccms-table-menu\" style=\"display: none;\"><button style=\"background: #FFF !important; color: #000 !important;\" data-act=\"row-before\">Inds\u00e6t r\u00e6kke over<\/button><button style=\"background: #FFF !important; color: #000 !important;\" data-act=\"row-after\">Inds\u00e6t r\u00e6kke under<\/button><button style=\"background: #FFF !important; color: #000 !important;\" data-act=\"col-before\">Inds\u00e6t kolonne f\u00f8r<\/button><button style=\"background: #FFF !important; color: #000 !important;\" data-act=\"col-after\">Inds\u00e6t kolonne efter<\/button><button style=\"background: #FFF !important; color: #000 !important;\" data-act=\"row-del\">Slet r\u00e6kke<\/button><button style=\"background: #FFF !important; color: #000 !important;\" data-act=\"col-del\">Slet kolonne<\/button><\/div>\n<div class=\"ccms-table-menu\" style=\"display: none;\"><button style=\"background: #FFF !important; color: #000 !important;\" data-act=\"row-before\">Inds\u00e6t r\u00e6kke over<\/button><button style=\"background: #FFF !important; color: #000 !important;\" data-act=\"row-after\">Inds\u00e6t r\u00e6kke under<\/button><button style=\"background: #FFF !important; color: #000 !important;\" data-act=\"col-before\">Inds\u00e6t kolonne f\u00f8r<\/button><button style=\"background: #FFF !important; color: #000 !important;\" data-act=\"col-after\">Inds\u00e6t kolonne efter<\/button><button style=\"background: #FFF !important; color: #000 !important;\" data-act=\"row-del\">Slet r\u00e6kke<\/button><button style=\"background: #FFF !important; color: #000 !important;\" data-act=\"col-del\">Slet kolonne<\/button><\/div>\n<div class=\"ccms-table-menu\" style=\"display: none;\"><button style=\"background: #FFF !important; color: #000 !important;\" data-act=\"row-before\">Inds\u00e6t r\u00e6kke over<\/button><button style=\"background: #FFF !important; color: #000 !important;\" data-act=\"row-after\">Inds\u00e6t r\u00e6kke under<\/button><button style=\"background: #FFF !important; color: #000 !important;\" data-act=\"col-before\">Inds\u00e6t kolonne f\u00f8r<\/button><button style=\"background: #FFF !important; color: #000 !important;\" data-act=\"col-after\">Inds\u00e6t kolonne efter<\/button><button style=\"background: #FFF !important; color: #000 !important;\" data-act=\"row-del\">Slet r\u00e6kke<\/button><button style=\"background: #FFF !important; color: #000 !important;\" data-act=\"col-del\">Slet kolonne<\/button><\/div>\n","protected":false},"excerpt":{"rendered":"<p>Hos TIK Gymnastik tilbyder vi tr\u00e6ning og gymnastik for hele livet \u2013 fra de f\u00f8rste bev\u00e6gelser til m\u00e5lrettet voksen tr\u00e6ning. Hos os finder du hold for b\u00f8rn og voksne i alle aldre og p\u00e5 alle niveauer. Vi skaber rammer, hvor bev\u00e6gelse, f\u00e6llesskab og udvikling g\u00e5r h\u00e5nd i h\u00e5nd. Gymnastik og bev\u00e6gelse for b\u00f8rn og unge [&hellip;]<\/p>\n","protected":false},"author":4,"featured_media":2609,"parent":0,"menu_order":0,"comment_status":"closed","ping_status":"closed","template":"","meta":{"_et_pb_use_builder":"","_et_pb_old_content":"","_et_gb_content_width":"","footnotes":""},"class_list":["post-398","page","type-page","status-publish","has-post-thumbnail","hentry"],"_links":{"self":[{"href":"https:\/\/great-shtern.46-30-124-30.plesk.page\/index.php?rest_route=\/wp\/v2\/pages\/398","targetHints":{"allow":["GET"]}}],"collection":[{"href":"https:\/\/great-shtern.46-30-124-30.plesk.page\/index.php?rest_route=\/wp\/v2\/pages"}],"about":[{"href":"https:\/\/great-shtern.46-30-124-30.plesk.page\/index.php?rest_route=\/wp\/v2\/types\/page"}],"author":[{"embeddable":true,"href":"https:\/\/great-shtern.46-30-124-30.plesk.page\/index.php?rest_route=\/wp\/v2\/users\/4"}],"replies":[{"embeddable":true,"href":"https:\/\/great-shtern.46-30-124-30.plesk.page\/index.php?rest_route=%2Fwp%2Fv2%2Fcomments&post=398"}],"version-history":[{"count":23,"href":"https:\/\/great-shtern.46-30-124-30.plesk.page\/index.php?rest_route=\/wp\/v2\/pages\/398\/revisions"}],"predecessor-version":[{"id":2608,"href":"https:\/\/great-shtern.46-30-124-30.plesk.page\/index.php?rest_route=\/wp\/v2\/pages\/398\/revisions\/2608"}],"wp:featuredmedia":[{"embeddable":true,"href":"https:\/\/great-shtern.46-30-124-30.plesk.page\/index.php?rest_route=\/wp\/v2\/media\/2609"}],"wp:attachment":[{"href":"https:\/\/great-shtern.46-30-124-30.plesk.page\/index.php?rest_route=%2Fwp%2Fv2%2Fmedia&parent=398"}],"curies":[{"name":"wp","href":"https:\/\/api.w.org\/{rel}","templated":true}]}}